{"id":10966,"date":"2021-09-06T10:43:43","date_gmt":"2021-09-06T08:43:43","guid":{"rendered":"https:\/\/www.grc.de\/wp\/?page_id=10966"},"modified":"2021-09-06T10:50:49","modified_gmt":"2021-09-06T08:50:49","slug":"beste-veteranen-2019","status":"publish","type":"page","link":"https:\/\/www.grc.de\/wp\/beste-veteranen-2019\/","title":{"rendered":"Beste Veteranen 2019"},"content":{"rendered":"\n<style type=\"text\/css\" data-created_by=\"avia_inline_auto\" id=\"style-css-av-kt8e22fz-e1cc25ce553833339509448b86bf65ea\">\n#top .av-special-heading.av-kt8e22fz-e1cc25ce553833339509448b86bf65ea{\npadding-bottom:10px;\n}\nbody .av-special-heading.av-kt8e22fz-e1cc25ce553833339509448b86bf65ea .av-special-heading-tag .heading-char{\nfont-size:25px;\n}\n.av-special-heading.av-kt8e22fz-e1cc25ce553833339509448b86bf65ea .av-subheading{\nfont-size:15px;\n}\n<\/style>\n<div  class='av-special-heading av-kt8e22fz-e1cc25ce553833339509448b86bf65ea av-special-heading-h1 blockquote elegant-quote elegant-centered  avia-builder-el-0  el_before_av_hr  avia-builder-el-first '><h1 class='av-special-heading-tag'  itemprop=\"headline\"  ><span class=\"heading-wrap\">Beste Veteranen 2019<\/span><\/h1><div class=\"special-heading-border\"><div class=\"special-heading-inner-border\"><\/div><\/div><\/div>\n\n<style type=\"text\/css\" data-created_by=\"avia_inline_auto\" id=\"style-css-av-av_hr-af89a52d51412774536fa272e468f7cd\">\n#top .hr.hr-invisible.av-av_hr-af89a52d51412774536fa272e468f7cd{\nheight:30px;\n}\n<\/style>\n<div  class='hr av-av_hr-af89a52d51412774536fa272e468f7cd hr-invisible  avia-builder-el-1  el_after_av_heading  el_before_av_textblock '><span class='hr-inner '><span class=\"hr-inner-style\"><\/span><\/span><\/div>\n<section  class='av_textblock_section av-kt8ebvqh-52d7e836b578ffdb5e87f819f7a6c5d9'  itemscope=\"itemscope\" itemtype=\"https:\/\/schema.org\/CreativeWork\" ><div class='avia_textblock'  itemprop=\"text\" ><p><strong>Auf der letzten GRC Spezial-Rassehunde-Ausstellung, der Adventsshow in Cloppenburg am 30.11.2019, wurden die jeweils drei besten Veteranen 2019 (R\u00fcden und H\u00fcndinnen) gek\u00fcrt.<\/strong><\/p>\n<p><strong>Wir gratulieren allen Veteranen ganz herzlich zu ihren Erfolgen:<\/strong><\/p>\n<\/div><\/section>\n\n<style type=\"text\/css\" data-created_by=\"avia_inline_auto\" id=\"style-css-av-kt8ecinn-f4eb2eaf78e323181a195c99a0d04cfd\">\n#top .av-special-heading.av-kt8ecinn-f4eb2eaf78e323181a195c99a0d04cfd{\npadding-bottom:10px;\n}\nbody .av-special-heading.av-kt8ecinn-f4eb2eaf78e323181a195c99a0d04cfd .av-special-heading-tag .heading-char{\nfont-size:25px;\n}\n.av-special-heading.av-kt8ecinn-f4eb2eaf78e323181a195c99a0d04cfd .av-subheading{\nfont-size:15px;\n}\n<\/style>\n<div  class='av-special-heading av-kt8ecinn-f4eb2eaf78e323181a195c99a0d04cfd av-special-heading-h3  avia-builder-el-3  el_after_av_textblock  el_before_av_image '><h3 class='av-special-heading-tag'  itemprop=\"headline\"  >Bester Veteran<\/h3><div class=\"special-heading-border\"><div class=\"special-heading-inner-border\"><\/div><\/div><\/div>\n\n<style type=\"text\/css\" data-created_by=\"avia_inline_auto\" id=\"style-css-av-kt8e4v73-e326d3675abea0d10d1b2be2af9cfc40\">\n.avia-image-container.av-kt8e4v73-e326d3675abea0d10d1b2be2af9cfc40 img.avia_image{\nbox-shadow:none;\n}\n.avia-image-container.av-kt8e4v73-e326d3675abea0d10d1b2be2af9cfc40 .av-image-caption-overlay-center{\ncolor:#ffffff;\n}\n<\/style>\n<div  class='avia-image-container av-kt8e4v73-e326d3675abea0d10d1b2be2af9cfc40 av-styling- avia-align-center  avia-builder-el-4  el_after_av_heading  el_before_av_textblock '   itemprop=\"image\" itemscope=\"itemscope\" itemtype=\"https:\/\/schema.org\/ImageObject\" ><div class=\"avia-image-container-inner\"><div class=\"avia-image-overlay-wrap\"><img decoding=\"async\" class='wp-image-8130 avia-img-lazy-loading-not-8130 avia_image ' src=\"https:\/\/www.grc.de\/wp\/wp-content\/uploads\/2019\/12\/Bester-Veteran-k-500x425.jpg\" alt='' title='Bester Veteran-k'  height=\"340\" width=\"400\"  itemprop=\"thumbnailUrl\" srcset=\"https:\/\/www.grc.de\/wp\/wp-content\/uploads\/2019\/12\/Bester-Veteran-k-500x425.jpg 500w, https:\/\/www.grc.de\/wp\/wp-content\/uploads\/2019\/12\/Bester-Veteran-k-118x100.jpg 118w, https:\/\/www.grc.de\/wp\/wp-content\/uploads\/2019\/12\/Bester-Veteran-k-768x653.jpg 768w, https:\/\/www.grc.de\/wp\/wp-content\/uploads\/2019\/12\/Bester-Veteran-k.jpg 900w\" sizes=\"(max-width: 400px) 100vw, 400px\" \/><\/div><\/div><\/div>\n<section  class='av_textblock_section av-kt8e4hut-0e7406d2c0f7767c6932e389e8b64eb8'  itemscope=\"itemscope\" itemtype=\"https:\/\/schema.org\/CreativeWork\" ><div class='avia_textblock'  itemprop=\"text\" ><p style=\"text-align: center;\"><strong>Platz 1<br \/>\nNiatross of the Hellacious Acres<\/strong><br \/>\n(E.: S. Ruhnau)<\/p>\n<\/div><\/section>\n\n<style type=\"text\/css\" data-created_by=\"avia_inline_auto\" id=\"style-css-av-kt8e6exn-adee6bc1d705758b78aedd1ad50e1895\">\n.avia-image-container.av-kt8e6exn-adee6bc1d705758b78aedd1ad50e1895 img.avia_image{\nbox-shadow:none;\n}\n.avia-image-container.av-kt8e6exn-adee6bc1d705758b78aedd1ad50e1895 .av-image-caption-overlay-center{\ncolor:#ffffff;\n}\n<\/style>\n<div  class='avia-image-container av-kt8e6exn-adee6bc1d705758b78aedd1ad50e1895 av-styling- avia-align-center  avia-builder-el-6  el_after_av_textblock  el_before_av_textblock '   itemprop=\"image\" itemscope=\"itemscope\" itemtype=\"https:\/\/schema.org\/ImageObject\" ><div class=\"avia-image-container-inner\"><div class=\"avia-image-overlay-wrap\"><img decoding=\"async\" class='wp-image-8129 avia-img-lazy-loading-not-8129 avia_image ' src=\"https:\/\/www.grc.de\/wp\/wp-content\/uploads\/2019\/12\/2-Bester-Veteran-k-500x425.jpg\" alt='' title='2 Bester Veteran-k'  height=\"340\" width=\"400\"  itemprop=\"thumbnailUrl\" srcset=\"https:\/\/www.grc.de\/wp\/wp-content\/uploads\/2019\/12\/2-Bester-Veteran-k-500x425.jpg 500w, https:\/\/www.grc.de\/wp\/wp-content\/uploads\/2019\/12\/2-Bester-Veteran-k-118x100.jpg 118w, https:\/\/www.grc.de\/wp\/wp-content\/uploads\/2019\/12\/2-Bester-Veteran-k-768x653.jpg 768w, https:\/\/www.grc.de\/wp\/wp-content\/uploads\/2019\/12\/2-Bester-Veteran-k.jpg 900w\" sizes=\"(max-width: 400px) 100vw, 400px\" \/><\/div><\/div><\/div>\n<section  class='av_textblock_section av-kt8e60lr-5adaf51b18fa3ed42ce756d477f7b9a3'  itemscope=\"itemscope\" itemtype=\"https:\/\/schema.org\/CreativeWork\" ><div class='avia_textblock'  itemprop=\"text\" ><p style=\"text-align: center;\"><strong>Platz 2<br \/>\n<\/strong><strong>Cameo de Ria Vela<\/strong><br \/>\n(E.: S. Grzybek)<\/p>\n<\/div><\/section>\n\n<style type=\"text\/css\" data-created_by=\"avia_inline_auto\" id=\"style-css-av-av_hr-eb56db121107ad0420c3b14097dc635f\">\n#top .hr.av-av_hr-eb56db121107ad0420c3b14097dc635f{\nmargin-top:30px;\nmargin-bottom:30px;\n}\n.hr.av-av_hr-eb56db121107ad0420c3b14097dc635f .hr-inner{\nwidth:150px;\nmax-width:45%;\n}\n<\/style>\n<div  class='hr av-av_hr-eb56db121107ad0420c3b14097dc635f hr-custom  avia-builder-el-8  el_after_av_textblock  el_before_av_heading  hr-center hr-icon-yes'><span class='hr-inner inner-border-av-border-thin'><span class=\"hr-inner-style\"><\/span><\/span><span class='av-seperator-icon' aria-hidden='true' data-av_icon='\ue8bd' data-av_iconfont='entypo-fontello'><\/span><span class='hr-inner inner-border-av-border-thin'><span class=\"hr-inner-style\"><\/span><\/span><\/div>\n\n<style type=\"text\/css\" data-created_by=\"avia_inline_auto\" id=\"style-css-av-kt8ed1ir-bef9e251ce62fdff595f27bd01f3c197\">\n#top .av-special-heading.av-kt8ed1ir-bef9e251ce62fdff595f27bd01f3c197{\npadding-bottom:10px;\n}\nbody .av-special-heading.av-kt8ed1ir-bef9e251ce62fdff595f27bd01f3c197 .av-special-heading-tag .heading-char{\nfont-size:25px;\n}\n.av-special-heading.av-kt8ed1ir-bef9e251ce62fdff595f27bd01f3c197 .av-subheading{\nfont-size:15px;\n}\n<\/style>\n<div  class='av-special-heading av-kt8ed1ir-bef9e251ce62fdff595f27bd01f3c197 av-special-heading-h3  avia-builder-el-9  el_after_av_hr  el_before_av_image '><h3 class='av-special-heading-tag'  itemprop=\"headline\"  >Beste Veteranin<\/h3><div class=\"special-heading-border\"><div class=\"special-heading-inner-border\"><\/div><\/div><\/div>\n\n<style type=\"text\/css\" data-created_by=\"avia_inline_auto\" id=\"style-css-av-kt8e903x-72633f1fa214fec297b46de0bcfe133f\">\n.avia-image-container.av-kt8e903x-72633f1fa214fec297b46de0bcfe133f img.avia_image{\nbox-shadow:none;\n}\n.avia-image-container.av-kt8e903x-72633f1fa214fec297b46de0bcfe133f .av-image-caption-overlay-center{\ncolor:#ffffff;\n}\n<\/style>\n<div  class='avia-image-container av-kt8e903x-72633f1fa214fec297b46de0bcfe133f av-styling- avia-align-center  avia-builder-el-10  el_after_av_heading  el_before_av_textblock '   itemprop=\"image\" itemscope=\"itemscope\" itemtype=\"https:\/\/schema.org\/ImageObject\" ><div class=\"avia-image-container-inner\"><div class=\"avia-image-overlay-wrap\"><img decoding=\"async\" class='wp-image-8128 avia-img-lazy-loading-not-8128 avia_image ' src=\"https:\/\/www.grc.de\/wp\/wp-content\/uploads\/2019\/12\/Beste-Veteranin-k-500x425.jpg\" alt='' title='Beste Veteranin-k'  height=\"340\" width=\"400\"  itemprop=\"thumbnailUrl\" srcset=\"https:\/\/www.grc.de\/wp\/wp-content\/uploads\/2019\/12\/Beste-Veteranin-k-500x425.jpg 500w, https:\/\/www.grc.de\/wp\/wp-content\/uploads\/2019\/12\/Beste-Veteranin-k-118x100.jpg 118w, https:\/\/www.grc.de\/wp\/wp-content\/uploads\/2019\/12\/Beste-Veteranin-k-768x653.jpg 768w, https:\/\/www.grc.de\/wp\/wp-content\/uploads\/2019\/12\/Beste-Veteranin-k.jpg 900w\" sizes=\"(max-width: 400px) 100vw, 400px\" \/><\/div><\/div><\/div>\n<section  class='av_textblock_section av-kt8e880a-718a845a4607b3453e27a7fd82c5cd79'  itemscope=\"itemscope\" itemtype=\"https:\/\/schema.org\/CreativeWork\" ><div class='avia_textblock'  itemprop=\"text\" ><p style=\"text-align: center;\"><strong>Platz 1<br \/>\nShyra\u2018s Golden Fine <\/strong><br \/>\n(E.: S. Hofmann)<\/p>\n<\/div><\/section>\n<section  class='av_textblock_section av-kt8eb57m-dc67d36c89296b9bed9cba714d17aa1f'  itemscope=\"itemscope\" itemtype=\"https:\/\/schema.org\/CreativeWork\" ><div class='avia_textblock'  itemprop=\"text\" ><p style=\"text-align: center;\"><strong>Platz 2<br \/>\nFaithful Heart Fine Frenzy<\/strong><br \/>\n(E.: L.u.S. Hohmann)<\/p>\n<p style=\"text-align: center;\"><strong>Platz 3<br \/>\nSunbeam Gentle Hayden Haydee<\/strong><br \/>\n(E.: B. Willeke-Pem\u00f6ller)<\/p>\n<\/div><\/section>\n","protected":false},"excerpt":{"rendered":"","protected":false},"author":13,"featured_media":0,"parent":0,"menu_order":0,"comment_status":"closed","ping_status":"closed","template":"","meta":{"footnotes":""},"class_list":["post-10966","page","type-page","status-publish","hentry"],"yoast_head":"<!-- This site is optimized with the Yoast SEO plugin v27.2 - https:\/\/yoast.com\/product\/yoast-seo-wordpress\/ -->\n<title>Beste Veteranen 2019 - Golden Retriever Club e.V. | GRC<\/title>\n<meta name=\"robots\" content=\"index, follow, max-snippet:-1, max-image-preview:large, max-video-preview:-1\" \/>\n<link rel=\"canonical\" href=\"https:\/\/www.grc.de\/wp\/beste-veteranen-2019\/\" \/>\n<meta property=\"og:locale\" content=\"de_DE\" \/>\n<meta property=\"og:type\" content=\"article\" \/>\n<meta property=\"og:title\" content=\"Beste Veteranen 2019 - Golden Retriever Club e.V. | GRC\" \/>\n<meta property=\"og:url\" content=\"https:\/\/www.grc.de\/wp\/beste-veteranen-2019\/\" \/>\n<meta property=\"og:site_name\" content=\"Golden Retriever Club e.V. | GRC\" \/>\n<meta property=\"article:publisher\" content=\"https:\/\/business.facebook.com\/grcgoldenretrieverclub\" \/>\n<meta property=\"article:modified_time\" content=\"2021-09-06T08:50:49+00:00\" \/>\n<meta property=\"og:image\" content=\"https:\/\/www.grc.de\/wp\/wp-content\/uploads\/2023\/06\/grc-1a.jpg\" \/>\n\t<meta property=\"og:image:width\" content=\"1013\" \/>\n\t<meta property=\"og:image:height\" content=\"675\" \/>\n\t<meta property=\"og:image:type\" content=\"image\/jpeg\" \/>\n<meta name=\"twitter:card\" content=\"summary_large_image\" \/>\n<meta name=\"twitter:label1\" content=\"Gesch\u00e4tzte Lesezeit\" \/>\n\t<meta name=\"twitter:data1\" content=\"5\u00a0Minuten\" \/>\n<script type=\"application\/ld+json\" class=\"yoast-schema-graph\">{\"@context\":\"https:\/\/schema.org\",\"@graph\":[{\"@type\":\"WebPage\",\"@id\":\"https:\/\/www.grc.de\/wp\/beste-veteranen-2019\/\",\"url\":\"https:\/\/www.grc.de\/wp\/beste-veteranen-2019\/\",\"name\":\"Beste Veteranen 2019 - Golden Retriever Club e.V. | GRC\",\"isPartOf\":{\"@id\":\"https:\/\/www.grc.de\/wp\/#website\"},\"datePublished\":\"2021-09-06T08:43:43+00:00\",\"dateModified\":\"2021-09-06T08:50:49+00:00\",\"breadcrumb\":{\"@id\":\"https:\/\/www.grc.de\/wp\/beste-veteranen-2019\/#breadcrumb\"},\"inLanguage\":\"de\",\"potentialAction\":[{\"@type\":\"ReadAction\",\"target\":[\"https:\/\/www.grc.de\/wp\/beste-veteranen-2019\/\"]}]},{\"@type\":\"BreadcrumbList\",\"@id\":\"https:\/\/www.grc.de\/wp\/beste-veteranen-2019\/#breadcrumb\",\"itemListElement\":[{\"@type\":\"ListItem\",\"position\":1,\"name\":\"Startseite\",\"item\":\"https:\/\/www.grc.de\/wp\/golden-retriever-club\/\"},{\"@type\":\"ListItem\",\"position\":2,\"name\":\"Beste Veteranen 2019\"}]},{\"@type\":\"WebSite\",\"@id\":\"https:\/\/www.grc.de\/wp\/#website\",\"url\":\"https:\/\/www.grc.de\/wp\/\",\"name\":\"Golden Retriever Club e.V. | GRC\",\"description\":\"Golden Retriever Rassezuchtverein - Mitglied im Verband f\u00fcr das Deutsche Hundewesen (VDH) und der F\u00e9d\u00e9ration Cynologique Internationale (FCI).\",\"publisher\":{\"@id\":\"https:\/\/www.grc.de\/wp\/#organization\"},\"alternateName\":\"GRC\",\"potentialAction\":[{\"@type\":\"SearchAction\",\"target\":{\"@type\":\"EntryPoint\",\"urlTemplate\":\"https:\/\/www.grc.de\/wp\/?s={search_term_string}\"},\"query-input\":{\"@type\":\"PropertyValueSpecification\",\"valueRequired\":true,\"valueName\":\"search_term_string\"}}],\"inLanguage\":\"de\"},{\"@type\":\"Organization\",\"@id\":\"https:\/\/www.grc.de\/wp\/#organization\",\"name\":\"Golden Retriever Club e.V. | GRC\",\"url\":\"https:\/\/www.grc.de\/wp\/\",\"logo\":{\"@type\":\"ImageObject\",\"inLanguage\":\"de\",\"@id\":\"https:\/\/www.grc.de\/wp\/#\/schema\/logo\/image\/\",\"url\":\"https:\/\/www.grc.de\/wp\/wp-content\/uploads\/2015\/06\/GRC-Logo.png\",\"contentUrl\":\"https:\/\/www.grc.de\/wp\/wp-content\/uploads\/2015\/06\/GRC-Logo.png\",\"width\":167,\"height\":168,\"caption\":\"Golden Retriever Club e.V. | GRC\"},\"image\":{\"@id\":\"https:\/\/www.grc.de\/wp\/#\/schema\/logo\/image\/\"},\"sameAs\":[\"https:\/\/business.facebook.com\/grcgoldenretrieverclub\"]}]}<\/script>\n<!-- \/ Yoast SEO plugin. -->","yoast_head_json":{"title":"Beste Veteranen 2019 - Golden Retriever Club e.V. | GRC","robots":{"index":"index","follow":"follow","max-snippet":"max-snippet:-1","max-image-preview":"max-image-preview:large","max-video-preview":"max-video-preview:-1"},"canonical":"https:\/\/www.grc.de\/wp\/beste-veteranen-2019\/","og_locale":"de_DE","og_type":"article","og_title":"Beste Veteranen 2019 - Golden Retriever Club e.V. | GRC","og_url":"https:\/\/www.grc.de\/wp\/beste-veteranen-2019\/","og_site_name":"Golden Retriever Club e.V. | GRC","article_publisher":"https:\/\/business.facebook.com\/grcgoldenretrieverclub","article_modified_time":"2021-09-06T08:50:49+00:00","og_image":[{"width":1013,"height":675,"url":"https:\/\/www.grc.de\/wp\/wp-content\/uploads\/2023\/06\/grc-1a.jpg","type":"image\/jpeg"}],"twitter_card":"summary_large_image","twitter_misc":{"Gesch\u00e4tzte Lesezeit":"5\u00a0Minuten"},"schema":{"@context":"https:\/\/schema.org","@graph":[{"@type":"WebPage","@id":"https:\/\/www.grc.de\/wp\/beste-veteranen-2019\/","url":"https:\/\/www.grc.de\/wp\/beste-veteranen-2019\/","name":"Beste Veteranen 2019 - Golden Retriever Club e.V. | GRC","isPartOf":{"@id":"https:\/\/www.grc.de\/wp\/#website"},"datePublished":"2021-09-06T08:43:43+00:00","dateModified":"2021-09-06T08:50:49+00:00","breadcrumb":{"@id":"https:\/\/www.grc.de\/wp\/beste-veteranen-2019\/#breadcrumb"},"inLanguage":"de","potentialAction":[{"@type":"ReadAction","target":["https:\/\/www.grc.de\/wp\/beste-veteranen-2019\/"]}]},{"@type":"BreadcrumbList","@id":"https:\/\/www.grc.de\/wp\/beste-veteranen-2019\/#breadcrumb","itemListElement":[{"@type":"ListItem","position":1,"name":"Startseite","item":"https:\/\/www.grc.de\/wp\/golden-retriever-club\/"},{"@type":"ListItem","position":2,"name":"Beste Veteranen 2019"}]},{"@type":"WebSite","@id":"https:\/\/www.grc.de\/wp\/#website","url":"https:\/\/www.grc.de\/wp\/","name":"Golden Retriever Club e.V. | GRC","description":"Golden Retriever Rassezuchtverein - Mitglied im Verband f\u00fcr das Deutsche Hundewesen (VDH) und der F\u00e9d\u00e9ration Cynologique Internationale (FCI).","publisher":{"@id":"https:\/\/www.grc.de\/wp\/#organization"},"alternateName":"GRC","potentialAction":[{"@type":"SearchAction","target":{"@type":"EntryPoint","urlTemplate":"https:\/\/www.grc.de\/wp\/?s={search_term_string}"},"query-input":{"@type":"PropertyValueSpecification","valueRequired":true,"valueName":"search_term_string"}}],"inLanguage":"de"},{"@type":"Organization","@id":"https:\/\/www.grc.de\/wp\/#organization","name":"Golden Retriever Club e.V. | GRC","url":"https:\/\/www.grc.de\/wp\/","logo":{"@type":"ImageObject","inLanguage":"de","@id":"https:\/\/www.grc.de\/wp\/#\/schema\/logo\/image\/","url":"https:\/\/www.grc.de\/wp\/wp-content\/uploads\/2015\/06\/GRC-Logo.png","contentUrl":"https:\/\/www.grc.de\/wp\/wp-content\/uploads\/2015\/06\/GRC-Logo.png","width":167,"height":168,"caption":"Golden Retriever Club e.V. | GRC"},"image":{"@id":"https:\/\/www.grc.de\/wp\/#\/schema\/logo\/image\/"},"sameAs":["https:\/\/business.facebook.com\/grcgoldenretrieverclub"]}]}},"_links":{"self":[{"href":"https:\/\/www.grc.de\/wp\/wp-json\/wp\/v2\/pages\/10966","targetHints":{"allow":["GET"]}}],"collection":[{"href":"https:\/\/www.grc.de\/wp\/wp-json\/wp\/v2\/pages"}],"about":[{"href":"https:\/\/www.grc.de\/wp\/wp-json\/wp\/v2\/types\/page"}],"author":[{"embeddable":true,"href":"https:\/\/www.grc.de\/wp\/wp-json\/wp\/v2\/users\/13"}],"replies":[{"embeddable":true,"href":"https:\/\/www.grc.de\/wp\/wp-json\/wp\/v2\/comments?post=10966"}],"version-history":[{"count":2,"href":"https:\/\/www.grc.de\/wp\/wp-json\/wp\/v2\/pages\/10966\/revisions"}],"predecessor-version":[{"id":10981,"href":"https:\/\/www.grc.de\/wp\/wp-json\/wp\/v2\/pages\/10966\/revisions\/10981"}],"wp:attachment":[{"href":"https:\/\/www.grc.de\/wp\/wp-json\/wp\/v2\/media?parent=10966"}],"curies":[{"name":"wp","href":"https:\/\/api.w.org\/{rel}","templated":true}]}}