{"id":1334,"date":"2015-07-07T11:25:56","date_gmt":"2015-07-07T09:25:56","guid":{"rendered":"https:\/\/www.grc.de\/wp\/?page_id=1334"},"modified":"2021-09-06T10:50:07","modified_gmt":"2021-09-06T08:50:07","slug":"grc-clubsieger-bis-2009","status":"publish","type":"page","link":"https:\/\/www.grc.de\/wp\/ausstellung\/grc-clubsieger-bis-2009\/","title":{"rendered":"GRC Clubsieger Chronik"},"content":{"rendered":"<p>Der Titel &#8222;GRC Clubsieger&#8220; ff. wurde im GRC erstmalig im Jahre 1993 vergeben. Einmal j\u00e4hrlich veranstaltete der GRC eine Clubsiegerschau, der Titel &#8222;GRC Clubsieger&#8220; wurde auf dieser speziellen Schau an den Besten R\u00fcden, der Titel &#8222;GRC Clubsiegerin&#8220; an die Beste H\u00fcndin und die Titel &#8222;GRC Clubjugendsieger&#8220; und &#8222;GRC Clubjugendsiegerin&#8220; an die Sieger der Jugendklassen (R\u00fcden\/ H\u00fcndinnen) vergeben.<\/p>\n<table style=\"border-collapse: collapse; border: none; padding: 0px; line-height: 100%;\">\n<tbody>\n<tr>\n<td colspan=\"2\"><span style=\"color: #1a6810; font-size: 14pt; margin-bottom: 0px;\"><strong>Clubsieger 2009<\/strong><\/span><\/td>\n<\/tr>\n<tr>\n<td>Clubsieger:<\/td>\n<td>Silence Dream Eastside Dylan (E.: E. u. R.E. Oosterhof, NL)<\/td>\n<\/tr>\n<tr>\n<td>Clubsiegerin:<\/td>\n<td>Trebell Take A Look (E.: G.R. Schut, NL)<\/td>\n<\/tr>\n<tr>\n<td>Clubjugendsieger:<\/td>\n<td>Suneva Vittorio (E.: I. Frein, D)<\/td>\n<\/tr>\n<tr>\n<td>Clubjugendsiegerin:<\/td>\n<td>Heartwarming Beaquoy of Graceful Delight (E.: J. Oettel, D)<\/td>\n<\/tr>\n<tr>\n<td><\/td>\n<td><\/td>\n<\/tr>\n<tr>\n<td colspan=\"2\"><span style=\"color: #1a6810; font-size: 14pt; margin-bottom: 0px;\"><strong>Clubsieger 2008<\/strong><\/span><\/td>\n<\/tr>\n<tr>\n<td>Clubsieger:<\/td>\n<td>Victor \u00fcber den Wolken (E.: D. Wiechmann, D)<\/td>\n<\/tr>\n<tr>\n<td>Clubsiegerin:<\/td>\n<td>Marta of the Hellacious Acres (E.: H.B. van Maaren, NL)<\/td>\n<\/tr>\n<tr>\n<td>Clubjugendsieger:<\/td>\n<td>Ritzilyn Rhythm \u2032N Blues (E.: D. Wiechmann, D)<\/td>\n<\/tr>\n<tr>\n<td>Clubjugendsiegerin:<\/td>\n<td>Kildespring Owner of my Heart (E.: C. Pallesen, DK)<\/td>\n<\/tr>\n<tr>\n<td><\/td>\n<td><\/td>\n<\/tr>\n<tr>\n<td colspan=\"2\"><span style=\"color: #1a6810; font-size: 14pt; margin-bottom: 0px;\"><strong>Clubsieger 2007<\/strong><\/span><\/td>\n<\/tr>\n<tr>\n<td>Clubsieger:<\/td>\n<td>William Wallace van Flolain (E.: J. v. Dort u. M. v. Dort-Shut, NL)<\/td>\n<\/tr>\n<tr>\n<td>Clubsiegerin:<\/td>\n<td>Your the Spring Fantasy van Flolain (E.: J. v. Dort u. M. v. Dort-Shut, NL)<\/td>\n<\/tr>\n<tr>\n<td>Clubjugendsieger:<\/td>\n<td>Victor \u00fcber den Wolken (E.: D. Wiechmann, D)<\/td>\n<\/tr>\n<tr>\n<td>Clubjugendsiegerin:<\/td>\n<td>Marjazza\u00b4s Cassandra (E.: M. Wolf-Schulz, D)<\/td>\n<\/tr>\n<tr>\n<td><\/td>\n<td><\/td>\n<\/tr>\n<tr>\n<td colspan=\"2\"><span style=\"color: #1a6810; font-size: 14pt; margin-bottom: 0px;\"><strong>Clubsieger 2006<\/strong><\/span><\/td>\n<\/tr>\n<tr>\n<td>Clubsieger:<\/td>\n<td>Moondust Masterpiece (E.: A. Smink, NL)<\/td>\n<\/tr>\n<tr>\n<td>Clubsiegerin:<\/td>\n<td>Akira of Chestnut Tree (E.: M. Tanner, D)<\/td>\n<\/tr>\n<tr>\n<td>Clubjugendsieger:<\/td>\n<td>Moondust Olympus (E.: F. Smink, NL)<\/td>\n<\/tr>\n<tr>\n<td>Clubjugendsiegerin:<\/td>\n<td>Volvic Passion des Bruy\u00e9res (E.: C. Borchert, D)<\/td>\n<\/tr>\n<tr>\n<td><\/td>\n<td><\/td>\n<\/tr>\n<tr>\n<td colspan=\"2\"><span style=\"color: #1a6810; font-size: 14pt; margin-bottom: 0px;\"><strong>Clubsieger 2005<\/strong><\/span><\/td>\n<\/tr>\n<tr>\n<td>Clubsieger:<\/td>\n<td>Moondust Masterpiece (E.: A. Smink, NL)<\/td>\n<\/tr>\n<tr>\n<td>Clubsiegerin:<\/td>\n<td>Alina Joy Jeanton (E.: F. D\u00f6ring, D)<\/td>\n<\/tr>\n<tr>\n<td>Clubjugendsieger:<\/td>\n<td>Ikarus vom Haag (E.: C. Letschert, D)<\/td>\n<\/tr>\n<tr>\n<td>Clubjugendsiegerin:<\/td>\n<td>Valence Rose of Remy Martin Goldens (E.: R. v. d. Weiden, NL)<\/td>\n<\/tr>\n<tr>\n<td><\/td>\n<td><\/td>\n<\/tr>\n<tr>\n<td colspan=\"2\"><span style=\"color: #1a6810; font-size: 14pt; margin-bottom: 0px;\"><strong>Clubsieger 2004<\/strong><\/span><\/td>\n<\/tr>\n<tr>\n<td>Clubsieger:<\/td>\n<td>Dewmist Satellite (E.: A. u. J. Kuipers, NL)<\/td>\n<\/tr>\n<tr>\n<td>Clubsiegerin:<\/td>\n<td>Remington Romantic Amy (E.: M. Fuchs, D)<\/td>\n<\/tr>\n<tr>\n<td>Clubjugendsieger:<\/td>\n<td>nicht vergeben<\/td>\n<\/tr>\n<tr>\n<td>Clubjugendsiegerin:<\/td>\n<td>La Rechardon&#8217;s Colleen Irish Girl (E.: M. Langenscheidt, D)<\/td>\n<\/tr>\n<tr>\n<td><\/td>\n<td><\/td>\n<\/tr>\n<tr>\n<td colspan=\"2\"><span style=\"color: #1a6810; font-size: 14pt; margin-bottom: 0px;\"><strong>Clubsieger 2003<\/strong><\/span><\/td>\n<\/tr>\n<tr>\n<td>Clubsieger:<\/td>\n<td>Dual Purpose Lionheart (E.: S. Dijkman, NL)<\/td>\n<\/tr>\n<tr>\n<td>Clubsiegerin:<\/td>\n<td>Chartreuse de Parma Golden RObos (E.: J.B. Kamstra\/ R. Grootenbauer, NL)<\/td>\n<\/tr>\n<tr>\n<td>Clubjugendsieger:<\/td>\n<td>Gatchell&#8217;s Man of Honour (E.: C. Borgmans, B)<\/td>\n<\/tr>\n<tr>\n<td>Clubjugendsiegerin:<\/td>\n<td>Precious-Noa v.&#8217;t Keijsershof (E.: P.T.A. de Haar, NL)<\/td>\n<\/tr>\n<tr>\n<td><\/td>\n<td><\/td>\n<\/tr>\n<tr>\n<td colspan=\"2\"><span style=\"color: #1a6810; font-size: 14pt; margin-bottom: 0px;\"><strong>Clubsieger 2002<\/strong><\/span><\/td>\n<\/tr>\n<tr>\n<td>Clubsieger:<\/td>\n<td>Quinlan of Graceful Delight (E.: B. Rabe, D)<\/td>\n<\/tr>\n<tr>\n<td>Clubsiegerin:<\/td>\n<td>Amirene Dream On (E.: C. u. R. Bugiel, D)<\/td>\n<\/tr>\n<tr>\n<td>Clubjugendsieger:<\/td>\n<td>Joyous Nothingless (E.: F.A. van Betuw v. d. Poorte, NL)<\/td>\n<\/tr>\n<tr>\n<td>Clubjugendsiegerin:<\/td>\n<td>Fiveshill Rain Dancer (E.: J. Kuipers, NL)<\/td>\n<\/tr>\n<tr>\n<td><\/td>\n<td><\/td>\n<\/tr>\n<tr>\n<td colspan=\"2\"><span style=\"color: #1a6810; font-size: 14pt; margin-bottom: 0px;\"><strong>Clubsieger 2001<\/strong><\/span><\/td>\n<\/tr>\n<tr>\n<td>Clubsieger:<\/td>\n<td>Quinlan of Graceful Delight (E.: B. Rabe, D)<\/td>\n<\/tr>\n<tr>\n<td>Clubsiegerin:<\/td>\n<td>Cleopatra \u00fcber den Wolken (G. u. Dr. J. Rabeler, D)<\/td>\n<\/tr>\n<tr>\n<td>Clubjugendsieger:<\/td>\n<td>Dream Diego Golden Angels of Oberach (E.: R. Richter, D)<\/td>\n<\/tr>\n<tr>\n<td>Clubjugendsiegerin:<\/td>\n<td>Chardine Sweet Vanilla (E.: D. Santy, B)<\/td>\n<\/tr>\n<tr>\n<td><\/td>\n<td><\/td>\n<\/tr>\n<tr>\n<td colspan=\"2\"><span style=\"color: #1a6810; font-size: 14pt; margin-bottom: 0px;\"><strong>Clubsieger 2000<\/strong><\/span><\/td>\n<\/tr>\n<tr>\n<td>Clubsieger:<\/td>\n<td>Chardine Blue Monday (E.: N. Rosseel-Arnols, B)<\/td>\n<\/tr>\n<tr>\n<td>Clubsiegerin:<\/td>\n<td>Bows of the Hellacious Acres (E.: M. van Maren-Rupert, NL)<\/td>\n<\/tr>\n<tr>\n<td>Clubjugendsieger:<\/td>\n<td>Miray&#8217;s Dream Mc Mnenonic (E.: R.J. Driessen, NL)<\/td>\n<\/tr>\n<tr>\n<td>Clubjugendsiegerin:<\/td>\n<td>Moondust Eleanor (E.: A. u. F. Smink, NL)<\/td>\n<\/tr>\n<tr>\n<td><\/td>\n<td><\/td>\n<\/tr>\n<tr>\n<td colspan=\"2\"><span style=\"color: #1a6810; font-size: 14pt; margin-bottom: 0px;\"><strong>Clubsieger 1999<\/strong><\/span><\/td>\n<\/tr>\n<tr>\n<td>Clubsieger:<\/td>\n<td>Lovely Leroy van de Hollandergraven (E.: G.R. Schut\/ B. Diepenmaat, NL)<\/td>\n<\/tr>\n<tr>\n<td>Clubsiegerin:<\/td>\n<td>Lovely Summer van de Hollandergraven (E.: G.R. Schut, NL)<\/td>\n<\/tr>\n<tr>\n<td>Clubjugendsieger:<\/td>\n<td>Xanthous Cantona (E.: I. de Wit, NL)<\/td>\n<\/tr>\n<tr>\n<td>Clubjugendsiegerin:<\/td>\n<td>Happy-Femke Oet et Dinkelshoes (E.: J. Barelds, NL)<\/td>\n<\/tr>\n<tr>\n<td><\/td>\n<td><\/td>\n<\/tr>\n<tr>\n<td colspan=\"2\"><span style=\"color: #1a6810; font-size: 14pt; margin-bottom: 0px;\"><strong>Clubsieger 1998<\/strong><\/span><\/td>\n<\/tr>\n<tr>\n<td>Clubsieger:<\/td>\n<td>Garbank Lislone Jackpot (E.: A. Smink, NL)<\/td>\n<\/tr>\n<tr>\n<td>Clubsiegerin:<\/td>\n<td>Baltic Golden Rhapsodie (E.: H. Vogel, D)<\/td>\n<\/tr>\n<tr>\n<td>Clubjugendsieger:<\/td>\n<td>Tamsbrook Prince O&#8217;Thieves (E.: A. u. T. van Leeuwen, NL)<\/td>\n<\/tr>\n<tr>\n<td>Clubjugendsiegerin:<\/td>\n<td>Majik Maid Marian (E.: A. u. T. van Leeuwen, NL)<\/td>\n<\/tr>\n<tr>\n<td><\/td>\n<td><\/td>\n<\/tr>\n<tr>\n<td colspan=\"2\"><span style=\"color: #1a6810; font-size: 14pt; margin-bottom: 0px;\"><strong>Clubsieger 1997<\/strong><\/span><\/td>\n<\/tr>\n<tr>\n<td>Clubsieger:<\/td>\n<td>Blakesley Cromwell (E.: J. u. K. Nielsen, S)<\/td>\n<\/tr>\n<tr>\n<td>Clubsiegerin:<\/td>\n<td>Gunhills Dancing Spring (E.: A. Roefs de Kok, NL)<\/td>\n<\/tr>\n<tr>\n<td>Clubjugendsieger:<\/td>\n<td>Paudell Pauls Charlie (E.: W.A. Vrielink, NL)<\/td>\n<\/tr>\n<tr>\n<td>Clubjugendsiegerin:<\/td>\n<td>Fiveshill Nickel and Dime (E.: A. u. J. Kuipers, NL)<\/td>\n<\/tr>\n<tr>\n<td><\/td>\n<td><\/td>\n<\/tr>\n<tr>\n<td colspan=\"2\"><span style=\"color: #1a6810; font-size: 14pt; margin-bottom: 0px;\"><strong>Clubsieger 1996<\/strong><\/span><\/td>\n<\/tr>\n<tr>\n<td>Clubsieger:<\/td>\n<td>Ritzilyn Man About Town (E.: S. de Ridder, B)<\/td>\n<\/tr>\n<tr>\n<td>Clubsiegerin:<\/td>\n<td>Whispering Glenrose&#8217;s Nosy Pebbles (E.: Kleynen, B)<\/td>\n<\/tr>\n<tr>\n<td>Clubjugendsieger:<\/td>\n<td>Steval Opneumanship (E.: G.R. Schut, NL)<\/td>\n<\/tr>\n<tr>\n<td>Clubjugendsiegerin:<\/td>\n<td>Kerrien Forever Faithful (E.: Vrielink\/ Rosema, NL)<\/td>\n<\/tr>\n<tr>\n<td><\/td>\n<td><\/td>\n<\/tr>\n<tr>\n<td colspan=\"2\"><span style=\"color: #1a6810; font-size: 14pt; margin-bottom: 0px;\"><strong>Clubsieger 1995<\/strong><\/span><\/td>\n<\/tr>\n<tr>\n<td>Clubsieger:<\/td>\n<td>Tugwood Maxim (E.: H. Dekkers, B)<\/td>\n<\/tr>\n<tr>\n<td>Clubsiegerin:<\/td>\n<td>Rapscallion Queenly v.h. Wiekse Veld (E.: H. Dekkers, B)<\/td>\n<\/tr>\n<tr>\n<td>Clubjugendsieger:<\/td>\n<td>Brother Tuck of the Crow Valley (E.: V. u. K.-H. Edrich, D)<\/td>\n<\/tr>\n<tr>\n<td>Clubjugendsiegerin:<\/td>\n<td>Ritzilyn British Breeze (E.: R. v.d. Weiden, NL)<\/td>\n<\/tr>\n<tr>\n<td><\/td>\n<td><\/td>\n<\/tr>\n<tr>\n<td colspan=\"2\"><span style=\"color: #1a6810; font-size: 14pt; margin-bottom: 0px;\"><strong>Clubsieger 1994<\/strong><\/span><\/td>\n<\/tr>\n<tr>\n<td>Clubsieger:<\/td>\n<td>Standfast Angus (E.: M. Gerritsen, NL)<\/td>\n<\/tr>\n<tr>\n<td>Clubsiegerin:<\/td>\n<td>Last Tango v. d. Beerse Hoeve (E.: M. Gerritsen, NL)<\/td>\n<\/tr>\n<tr>\n<td>Clubjugendsieger:<\/td>\n<td>Opal vom Geesthang (E.: E. u. F. N\u00f6renberg, D)<\/td>\n<\/tr>\n<tr>\n<td>Clubjugendsiegerin:<\/td>\n<td>Univers Pebbles v.h. Golden Vlies (E.: M.E.M. Kruse, NL)<\/td>\n<\/tr>\n<tr>\n<td><\/td>\n<td><\/td>\n<\/tr>\n<tr>\n<td colspan=\"2\"><span style=\"color: #1a6810; font-size: 14pt; margin-bottom: 0px;\"><strong>Clubsieger 1993<\/strong><\/span><\/td>\n<\/tr>\n<tr>\n<td>Clubsieger:<\/td>\n<td>Mack Lobell of the Hellacious Acres (E.: H.B. van Maren, NL)<\/td>\n<\/tr>\n<tr>\n<td>Clubsiegerin:<\/td>\n<td>Bubbles of the Hellacious Acres (E.: H.B. van Maren, NL)<\/td>\n<\/tr>\n<tr>\n<td>Clubjugendsieger:<\/td>\n<td>Bramble Highlight of Quaxus (E.: U. u. M. Markworth, D)<\/td>\n<\/tr>\n<tr>\n<td>Clubjugendsiegerin:<\/td>\n<td>Rustic Ruffle of Mill Lane (E.: P. Busch, D)<\/td>\n<\/tr>\n<tr>\n<td><\/td>\n<td><\/td>\n<\/tr>\n<tr>\n<td colspan=\"2\"><span style=\"color: #1a6810; font-size: 14pt; margin-bottom: 0px;\"><strong>Clubsieger 1992<\/strong><\/span><\/td>\n<\/tr>\n<tr>\n<td>Clubsieger:<\/td>\n<td>Jamescroft Squire (E.: F.J.M. Knippenborg, NL)<\/td>\n<\/tr>\n<tr>\n<td>Clubsiegerin:<\/td>\n<td>Scrabble New Year v. d. Beerse Hoeve (E.: M. Roefs-Gerritsen, NL)<\/td>\n<\/tr>\n<tr>\n<td>Clubjugendsieger:<\/td>\n<td>Goldfalter vom Mohnfeld (E.: P. Bambach, NL)<\/td>\n<\/tr>\n<tr>\n<td>Clubjugendsiegerin:<\/td>\n<td>Festival&#8217;s Parenthese (E.: P. Kjaer, DK)<\/td>\n<\/tr>\n<tr>\n<td><\/td>\n<td><\/td>\n<\/tr>\n<tr>\n<td colspan=\"2\"><span style=\"color: #1a6810; font-size: 14pt; margin-bottom: 0px;\"><strong>Clubsieger 1991<\/strong><\/span><\/td>\n<\/tr>\n<tr>\n<td>Clubsieger:<\/td>\n<td>Lacons Spring Knight (E.: L. Ager, DK)<\/td>\n<\/tr>\n<tr>\n<td>Clubsiegerin:<\/td>\n<td>Westley Cathrina (E.: H.B. van Maren, NL)<\/td>\n<\/tr>\n<tr>\n<td>Clubjugendsieger:<\/td>\n<td>Boomer vom Giesebrink (E.: G. Werner, NL)<\/td>\n<\/tr>\n<tr>\n<td>Clubjugendsiegerin:<\/td>\n<td>Pat-a-Cake Polly of Mill Lane (E.: R. u. A. Koch, D)<\/td>\n<\/tr>\n<tr>\n<td><\/td>\n<td><\/td>\n<\/tr>\n<tr>\n<td colspan=\"2\"><span style=\"color: #1a6810; font-size: 14pt; margin-bottom: 0px;\"><strong>Clubsieger 1990<\/strong><\/span><\/td>\n<\/tr>\n<tr>\n<td>Clubsieger:<\/td>\n<td>Shantey Teach me Tiger (E.: S. Jensen, DK)<\/td>\n<\/tr>\n<tr>\n<td>Clubsiegerin:<\/td>\n<td>Miss Mellow of Mill Lane (E.: H. Dahl, D)<\/td>\n<\/tr>\n<tr>\n<td>Clubjugendsieger:<\/td>\n<td>Mabella v. d. Beerse Hoeve (E.: M. Roefs-Gerritsen, NL)<\/td>\n<\/tr>\n<tr>\n<td>Clubjugendsiegerin:<\/td>\n<td>Ritzilyn Maid to Measure (E.: A. Meyer, D)<\/td>\n<\/tr>\n<\/tbody>\n<\/table>\n","protected":false},"excerpt":{"rendered":"<p>Der Titel &#8222;GRC Clubsieger&#8220; ff. wurde im GRC erstmalig im Jahre 1993 vergeben. Einmal j\u00e4hrlich veranstaltete der GRC eine Clubsiegerschau, der Titel &#8222;GRC Clubsieger&#8220; wurde auf dieser speziellen Schau an den Besten R\u00fcden, der Titel &#8222;GRC Clubsiegerin&#8220; an die Beste H\u00fcndin und die Titel &#8222;GRC Clubjugendsieger&#8220; und &#8222;GRC Clubjugendsiegerin&#8220; an die Sieger der Jugendklassen (R\u00fcden\/ [&hellip;]<\/p>\n","protected":false},"author":13,"featured_media":0,"parent":313,"menu_order":0,"comment_status":"closed","ping_status":"closed","template":"","meta":{"footnotes":""},"class_list":["post-1334","page","type-page","status-publish","hentry"],"yoast_head":"<!-- This site is optimized with the Yoast SEO plugin v27.2 - https:\/\/yoast.com\/product\/yoast-seo-wordpress\/ -->\n<title>GRC Clubsieger Chronik - Golden Retriever Club e.V. | GRC<\/title>\n<meta name=\"robots\" content=\"index, follow, max-snippet:-1, max-image-preview:large, max-video-preview:-1\" \/>\n<link rel=\"canonical\" href=\"https:\/\/www.grc.de\/wp\/ausstellung\/grc-clubsieger-bis-2009\/\" \/>\n<meta property=\"og:locale\" content=\"de_DE\" \/>\n<meta property=\"og:type\" content=\"article\" \/>\n<meta property=\"og:title\" content=\"GRC Clubsieger Chronik - Golden Retriever Club e.V. | GRC\" \/>\n<meta property=\"og:description\" content=\"Der Titel &#8222;GRC Clubsieger&#8220; ff. wurde im GRC erstmalig im Jahre 1993 vergeben. Einmal j\u00e4hrlich veranstaltete der GRC eine Clubsiegerschau, der Titel &#8222;GRC Clubsieger&#8220; wurde auf dieser speziellen Schau an den Besten R\u00fcden, der Titel &#8222;GRC Clubsiegerin&#8220; an die Beste H\u00fcndin und die Titel &#8222;GRC Clubjugendsieger&#8220; und &#8222;GRC Clubjugendsiegerin&#8220; an die Sieger der Jugendklassen (R\u00fcden\/ [&hellip;]\" \/>\n<meta property=\"og:url\" content=\"https:\/\/www.grc.de\/wp\/ausstellung\/grc-clubsieger-bis-2009\/\" \/>\n<meta property=\"og:site_name\" content=\"Golden Retriever Club e.V. | GRC\" \/>\n<meta property=\"article:publisher\" content=\"https:\/\/business.facebook.com\/grcgoldenretrieverclub\" \/>\n<meta property=\"article:modified_time\" content=\"2021-09-06T08:50:07+00:00\" \/>\n<meta property=\"og:image\" content=\"https:\/\/www.grc.de\/wp\/wp-content\/uploads\/2023\/06\/grc-1a.jpg\" \/>\n\t<meta property=\"og:image:width\" content=\"1013\" \/>\n\t<meta property=\"og:image:height\" content=\"675\" \/>\n\t<meta property=\"og:image:type\" content=\"image\/jpeg\" \/>\n<meta name=\"twitter:card\" content=\"summary_large_image\" \/>\n<meta name=\"twitter:label1\" content=\"Gesch\u00e4tzte Lesezeit\" \/>\n\t<meta name=\"twitter:data1\" content=\"4\u00a0Minuten\" \/>\n<script type=\"application\/ld+json\" class=\"yoast-schema-graph\">{\"@context\":\"https:\/\/schema.org\",\"@graph\":[{\"@type\":\"WebPage\",\"@id\":\"https:\/\/www.grc.de\/wp\/ausstellung\/grc-clubsieger-bis-2009\/\",\"url\":\"https:\/\/www.grc.de\/wp\/ausstellung\/grc-clubsieger-bis-2009\/\",\"name\":\"GRC Clubsieger Chronik - Golden Retriever Club e.V. | GRC\",\"isPartOf\":{\"@id\":\"https:\/\/www.grc.de\/wp\/#website\"},\"datePublished\":\"2015-07-07T09:25:56+00:00\",\"dateModified\":\"2021-09-06T08:50:07+00:00\",\"breadcrumb\":{\"@id\":\"https:\/\/www.grc.de\/wp\/ausstellung\/grc-clubsieger-bis-2009\/#breadcrumb\"},\"inLanguage\":\"de\",\"potentialAction\":[{\"@type\":\"ReadAction\",\"target\":[\"https:\/\/www.grc.de\/wp\/ausstellung\/grc-clubsieger-bis-2009\/\"]}]},{\"@type\":\"BreadcrumbList\",\"@id\":\"https:\/\/www.grc.de\/wp\/ausstellung\/grc-clubsieger-bis-2009\/#breadcrumb\",\"itemListElement\":[{\"@type\":\"ListItem\",\"position\":1,\"name\":\"Startseite\",\"item\":\"https:\/\/www.grc.de\/wp\/golden-retriever-club\/\"},{\"@type\":\"ListItem\",\"position\":2,\"name\":\"Ausstellung\",\"item\":\"https:\/\/www.grc.de\/wp\/ausstellung\/\"},{\"@type\":\"ListItem\",\"position\":3,\"name\":\"GRC Clubsieger Chronik\"}]},{\"@type\":\"WebSite\",\"@id\":\"https:\/\/www.grc.de\/wp\/#website\",\"url\":\"https:\/\/www.grc.de\/wp\/\",\"name\":\"Golden Retriever Club e.V. | GRC\",\"description\":\"Golden Retriever Rassezuchtverein - Mitglied im Verband f\u00fcr das Deutsche Hundewesen (VDH) und der F\u00e9d\u00e9ration Cynologique Internationale (FCI).\",\"publisher\":{\"@id\":\"https:\/\/www.grc.de\/wp\/#organization\"},\"alternateName\":\"GRC\",\"potentialAction\":[{\"@type\":\"SearchAction\",\"target\":{\"@type\":\"EntryPoint\",\"urlTemplate\":\"https:\/\/www.grc.de\/wp\/?s={search_term_string}\"},\"query-input\":{\"@type\":\"PropertyValueSpecification\",\"valueRequired\":true,\"valueName\":\"search_term_string\"}}],\"inLanguage\":\"de\"},{\"@type\":\"Organization\",\"@id\":\"https:\/\/www.grc.de\/wp\/#organization\",\"name\":\"Golden Retriever Club e.V. | GRC\",\"url\":\"https:\/\/www.grc.de\/wp\/\",\"logo\":{\"@type\":\"ImageObject\",\"inLanguage\":\"de\",\"@id\":\"https:\/\/www.grc.de\/wp\/#\/schema\/logo\/image\/\",\"url\":\"https:\/\/www.grc.de\/wp\/wp-content\/uploads\/2015\/06\/GRC-Logo.png\",\"contentUrl\":\"https:\/\/www.grc.de\/wp\/wp-content\/uploads\/2015\/06\/GRC-Logo.png\",\"width\":167,\"height\":168,\"caption\":\"Golden Retriever Club e.V. | GRC\"},\"image\":{\"@id\":\"https:\/\/www.grc.de\/wp\/#\/schema\/logo\/image\/\"},\"sameAs\":[\"https:\/\/business.facebook.com\/grcgoldenretrieverclub\"]}]}<\/script>\n<!-- \/ Yoast SEO plugin. -->","yoast_head_json":{"title":"GRC Clubsieger Chronik - Golden Retriever Club e.V. | GRC","robots":{"index":"index","follow":"follow","max-snippet":"max-snippet:-1","max-image-preview":"max-image-preview:large","max-video-preview":"max-video-preview:-1"},"canonical":"https:\/\/www.grc.de\/wp\/ausstellung\/grc-clubsieger-bis-2009\/","og_locale":"de_DE","og_type":"article","og_title":"GRC Clubsieger Chronik - Golden Retriever Club e.V. | GRC","og_description":"Der Titel &#8222;GRC Clubsieger&#8220; ff. wurde im GRC erstmalig im Jahre 1993 vergeben. Einmal j\u00e4hrlich veranstaltete der GRC eine Clubsiegerschau, der Titel &#8222;GRC Clubsieger&#8220; wurde auf dieser speziellen Schau an den Besten R\u00fcden, der Titel &#8222;GRC Clubsiegerin&#8220; an die Beste H\u00fcndin und die Titel &#8222;GRC Clubjugendsieger&#8220; und &#8222;GRC Clubjugendsiegerin&#8220; an die Sieger der Jugendklassen (R\u00fcden\/ [&hellip;]","og_url":"https:\/\/www.grc.de\/wp\/ausstellung\/grc-clubsieger-bis-2009\/","og_site_name":"Golden Retriever Club e.V. | GRC","article_publisher":"https:\/\/business.facebook.com\/grcgoldenretrieverclub","article_modified_time":"2021-09-06T08:50:07+00:00","og_image":[{"width":1013,"height":675,"url":"https:\/\/www.grc.de\/wp\/wp-content\/uploads\/2023\/06\/grc-1a.jpg","type":"image\/jpeg"}],"twitter_card":"summary_large_image","twitter_misc":{"Gesch\u00e4tzte Lesezeit":"4\u00a0Minuten"},"schema":{"@context":"https:\/\/schema.org","@graph":[{"@type":"WebPage","@id":"https:\/\/www.grc.de\/wp\/ausstellung\/grc-clubsieger-bis-2009\/","url":"https:\/\/www.grc.de\/wp\/ausstellung\/grc-clubsieger-bis-2009\/","name":"GRC Clubsieger Chronik - Golden Retriever Club e.V. | GRC","isPartOf":{"@id":"https:\/\/www.grc.de\/wp\/#website"},"datePublished":"2015-07-07T09:25:56+00:00","dateModified":"2021-09-06T08:50:07+00:00","breadcrumb":{"@id":"https:\/\/www.grc.de\/wp\/ausstellung\/grc-clubsieger-bis-2009\/#breadcrumb"},"inLanguage":"de","potentialAction":[{"@type":"ReadAction","target":["https:\/\/www.grc.de\/wp\/ausstellung\/grc-clubsieger-bis-2009\/"]}]},{"@type":"BreadcrumbList","@id":"https:\/\/www.grc.de\/wp\/ausstellung\/grc-clubsieger-bis-2009\/#breadcrumb","itemListElement":[{"@type":"ListItem","position":1,"name":"Startseite","item":"https:\/\/www.grc.de\/wp\/golden-retriever-club\/"},{"@type":"ListItem","position":2,"name":"Ausstellung","item":"https:\/\/www.grc.de\/wp\/ausstellung\/"},{"@type":"ListItem","position":3,"name":"GRC Clubsieger Chronik"}]},{"@type":"WebSite","@id":"https:\/\/www.grc.de\/wp\/#website","url":"https:\/\/www.grc.de\/wp\/","name":"Golden Retriever Club e.V. | GRC","description":"Golden Retriever Rassezuchtverein - Mitglied im Verband f\u00fcr das Deutsche Hundewesen (VDH) und der F\u00e9d\u00e9ration Cynologique Internationale (FCI).","publisher":{"@id":"https:\/\/www.grc.de\/wp\/#organization"},"alternateName":"GRC","potentialAction":[{"@type":"SearchAction","target":{"@type":"EntryPoint","urlTemplate":"https:\/\/www.grc.de\/wp\/?s={search_term_string}"},"query-input":{"@type":"PropertyValueSpecification","valueRequired":true,"valueName":"search_term_string"}}],"inLanguage":"de"},{"@type":"Organization","@id":"https:\/\/www.grc.de\/wp\/#organization","name":"Golden Retriever Club e.V. | GRC","url":"https:\/\/www.grc.de\/wp\/","logo":{"@type":"ImageObject","inLanguage":"de","@id":"https:\/\/www.grc.de\/wp\/#\/schema\/logo\/image\/","url":"https:\/\/www.grc.de\/wp\/wp-content\/uploads\/2015\/06\/GRC-Logo.png","contentUrl":"https:\/\/www.grc.de\/wp\/wp-content\/uploads\/2015\/06\/GRC-Logo.png","width":167,"height":168,"caption":"Golden Retriever Club e.V. | GRC"},"image":{"@id":"https:\/\/www.grc.de\/wp\/#\/schema\/logo\/image\/"},"sameAs":["https:\/\/business.facebook.com\/grcgoldenretrieverclub"]}]}},"_links":{"self":[{"href":"https:\/\/www.grc.de\/wp\/wp-json\/wp\/v2\/pages\/1334","targetHints":{"allow":["GET"]}}],"collection":[{"href":"https:\/\/www.grc.de\/wp\/wp-json\/wp\/v2\/pages"}],"about":[{"href":"https:\/\/www.grc.de\/wp\/wp-json\/wp\/v2\/types\/page"}],"author":[{"embeddable":true,"href":"https:\/\/www.grc.de\/wp\/wp-json\/wp\/v2\/users\/13"}],"replies":[{"embeddable":true,"href":"https:\/\/www.grc.de\/wp\/wp-json\/wp\/v2\/comments?post=1334"}],"version-history":[{"count":13,"href":"https:\/\/www.grc.de\/wp\/wp-json\/wp\/v2\/pages\/1334\/revisions"}],"predecessor-version":[{"id":1336,"href":"https:\/\/www.grc.de\/wp\/wp-json\/wp\/v2\/pages\/1334\/revisions\/1336"}],"up":[{"embeddable":true,"href":"https:\/\/www.grc.de\/wp\/wp-json\/wp\/v2\/pages\/313"}],"wp:attachment":[{"href":"https:\/\/www.grc.de\/wp\/wp-json\/wp\/v2\/media?parent=1334"}],"curies":[{"name":"wp","href":"https:\/\/api.w.org\/{rel}","templated":true}]}}