{"id":1367,"date":"2015-07-07T17:19:28","date_gmt":"2015-07-07T15:19:28","guid":{"rendered":"https:\/\/www.grc.de\/wp\/?page_id=1367"},"modified":"2024-06-24T16:42:23","modified_gmt":"2024-06-24T14:42:23","slug":"clubnachrichten","status":"publish","type":"page","link":"https:\/\/www.grc.de\/wp\/service\/clubnachrichten\/","title":{"rendered":"Clubnachrichten"},"content":{"rendered":"<div id='full_slider_1'  class='avia-fullwidth-slider main_color avia-shadow   avia-builder-el-0  el_before_av_heading  avia-builder-el-first   container_wrap fullsize'  ><div  class='avia-slideshow av-3vz1dj-464da53c8c260837ff98c31c00a57b67 avia-slideshow-no scaling av_slideshow_full avia-slide-slider av-slideshow-ui av-control-default av-slideshow-manual av-loop-once av-loop-manual-endless av-default-height-applied   avia-slideshow-1' data-slideshow-options=\"{&quot;animation&quot;:&quot;slide&quot;,&quot;autoplay&quot;:false,&quot;loop_autoplay&quot;:&quot;once&quot;,&quot;interval&quot;:5,&quot;loop_manual&quot;:&quot;manual-endless&quot;,&quot;autoplay_stopper&quot;:false,&quot;noNavigation&quot;:false,&quot;bg_slider&quot;:false,&quot;keep_padding&quot;:false,&quot;hoverpause&quot;:false,&quot;show_slide_delay&quot;:0}\"  itemprop=\"image\" itemscope=\"itemscope\" itemtype=\"https:\/\/schema.org\/ImageObject\" ><ul class='avia-slideshow-inner ' style='padding-bottom: 25%;'><li  class='avia-slideshow-slide av-3vz1dj-464da53c8c260837ff98c31c00a57b67__0  av-single-slide slide-1 slide-odd'><div data-rel='slideshow-1' class='avia-slide-wrap '   ><img decoding=\"async\" class=\"wp-image-10402 avia-img-lazy-loading-not-10402\"  src=\"https:\/\/www.grc.de\/wp\/wp-content\/uploads\/2021\/08\/service.jpg\" width=\"1920\" height=\"480\" title='Golden Retriever Spa\u00df' alt='Golden Retriever Spa\u00df'  itemprop=\"thumbnailUrl\" srcset=\"https:\/\/www.grc.de\/wp\/wp-content\/uploads\/2021\/08\/service.jpg 1920w, https:\/\/www.grc.de\/wp\/wp-content\/uploads\/2021\/08\/service-400x100.jpg 400w, https:\/\/www.grc.de\/wp\/wp-content\/uploads\/2021\/08\/service-1030x258.jpg 1030w, https:\/\/www.grc.de\/wp\/wp-content\/uploads\/2021\/08\/service-80x20.jpg 80w, https:\/\/www.grc.de\/wp\/wp-content\/uploads\/2021\/08\/service-768x192.jpg 768w, https:\/\/www.grc.de\/wp\/wp-content\/uploads\/2021\/08\/service-1536x384.jpg 1536w, https:\/\/www.grc.de\/wp\/wp-content\/uploads\/2021\/08\/service-1500x375.jpg 1500w, https:\/\/www.grc.de\/wp\/wp-content\/uploads\/2021\/08\/service-705x176.jpg 705w\" sizes=\"(max-width: 1920px) 100vw, 1920px\" \/><\/div><\/li><\/ul><\/div><\/div><div id='after_full_slider_1'  class='main_color av_default_container_wrap container_wrap fullsize'  ><div class='container av-section-cont-open' ><div class='template-page content  av-content-full alpha units'><div class='post-entry post-entry-type-page post-entry-1367'><div class='entry-content-wrapper clearfix'>\n\n<style type=\"text\/css\" data-created_by=\"avia_inline_auto\" id=\"style-css-av-ksopv2rx-50b46313fcfabb804426e5908353d8f4\">\n#top .av-special-heading.av-ksopv2rx-50b46313fcfabb804426e5908353d8f4{\npadding-bottom:10px;\n}\nbody .av-special-heading.av-ksopv2rx-50b46313fcfabb804426e5908353d8f4 .av-special-heading-tag .heading-char{\nfont-size:25px;\n}\n.av-special-heading.av-ksopv2rx-50b46313fcfabb804426e5908353d8f4 .av-subheading{\nfont-size:15px;\n}\n<\/style>\n<div  class='av-special-heading av-ksopv2rx-50b46313fcfabb804426e5908353d8f4 av-special-heading-h1 blockquote elegant-quote elegant-centered  avia-builder-el-1  el_after_av_slideshow_full  el_before_av_hr  avia-builder-el-first '><h1 class='av-special-heading-tag'  itemprop=\"headline\"  ><span class=\"heading-wrap\">Clubnachrichten<\/span><\/h1><div class=\"special-heading-border\"><div class=\"special-heading-inner-border\"><\/div><\/div><\/div>\n\n<style type=\"text\/css\" data-created_by=\"avia_inline_auto\" id=\"style-css-av-3zka5j-bce8ccbf50587c21fb464dc2c3a2bee4\">\n#top .hr.hr-invisible.av-3zka5j-bce8ccbf50587c21fb464dc2c3a2bee4{\nheight:30px;\n}\n<\/style>\n<div  class='hr av-3zka5j-bce8ccbf50587c21fb464dc2c3a2bee4 hr-invisible  avia-builder-el-2  el_after_av_heading  el_before_av_textblock '><span class='hr-inner '><span class=\"hr-inner-style\"><\/span><\/span><\/div>\n<section  class='av_textblock_section av-ksrhsuif-ecc0534e2f31ba23c8267f22404b8b01'  itemscope=\"itemscope\" itemtype=\"https:\/\/schema.org\/CreativeWork\" ><div class='avia_textblock'  itemprop=\"text\" ><p><a href=\"https:\/\/www.grc.de\/wp\/wp-content\/uploads\/2015\/07\/GRC-CN.jpg\"><img loading=\"lazy\" decoding=\"async\" class=\"border alignleft wp-image-1372 size-medium\" src=\"https:\/\/www.grc.de\/wp\/wp-content\/uploads\/2015\/07\/GRC-CN-500x333.jpg\" alt=\"\" width=\"400\" height=\"266\" srcset=\"https:\/\/www.grc.de\/wp\/wp-content\/uploads\/2015\/07\/GRC-CN-500x333.jpg 500w, https:\/\/www.grc.de\/wp\/wp-content\/uploads\/2015\/07\/GRC-CN-120x80.jpg 120w, https:\/\/www.grc.de\/wp\/wp-content\/uploads\/2015\/07\/GRC-CN.jpg 900w, https:\/\/www.grc.de\/wp\/wp-content\/uploads\/2015\/07\/GRC-CN-300x200.jpg 300w\" sizes=\"auto, (max-width: 400px) 100vw, 400px\" \/><\/a>Die Zeitschrift &#8222;Clubnachrichten des GRC&#8220; ist eine ca. 60 &#8211; 70 seitige Hochglanz-Zeitschrift und erscheint mehrmals pro Jahr. Sie ist f\u00fcr Mitglieder des GRC kostenlos.<\/p>\n<p>Unsere Clubnachrichten werden mit viel Sorgfalt individuell gestaltet und enthalten s\u00e4mtliche Informationen \u00fcber Geschehnisse aus dem Vereinsleben, Informationen \u00fcber das Zuchtgeschehen (Wurfmeldungen, Zuchtzulassungspr\u00fcfungen, Gesundheitsergebnisse etc.), das Ausstellungswesen (Showergebnisse, Vorank\u00fcndigungen, Champions etc.), das Pr\u00fcfungswesen (Ergebnisse, Vorank\u00fcndigungen und Seminare), allgemeine Infos rund um das Leben mit dem Golden Retriever, Erfahrungsberichte von Mitgliedern, Berichte zu medizinischen Themen und auch Rezepte.<\/p>\n<p>Neben vielen sch\u00f6nen Fotos von Golden Retrievern finden Sie in unseren Clubnachrichten ebenfalls Anzeigen unserer Werbepartner mit tollen Angeboten f\u00fcr den Hund.<\/p>\n<p><a href=\"https:\/\/www.grc.de\/wp\/wp-content\/uploads\/2015\/07\/GRC-CN_Inlet-3.jpg\"><img loading=\"lazy\" decoding=\"async\" class=\"border alignright wp-image-1375 size-medium\" src=\"https:\/\/www.grc.de\/wp\/wp-content\/uploads\/2015\/07\/GRC-CN_Inlet-3-500x333.jpg\" alt=\"\" width=\"400\" height=\"266\" srcset=\"https:\/\/www.grc.de\/wp\/wp-content\/uploads\/2015\/07\/GRC-CN_Inlet-3-500x333.jpg 500w, https:\/\/www.grc.de\/wp\/wp-content\/uploads\/2015\/07\/GRC-CN_Inlet-3-120x80.jpg 120w, https:\/\/www.grc.de\/wp\/wp-content\/uploads\/2015\/07\/GRC-CN_Inlet-3.jpg 900w, https:\/\/www.grc.de\/wp\/wp-content\/uploads\/2015\/07\/GRC-CN_Inlet-3-300x200.jpg 300w\" sizes=\"auto, (max-width: 400px) 100vw, 400px\" \/><\/a>Um unsere Clubnachrichten auch weiterhin so interessant und vielseitig gestalten zu k\u00f6nnen, freuen wir uns \u00fcber Artikel, Leserbriefe und sonstige Zuschriften sowie Bilder unserer Mitglieder!<\/p>\n<p>Bitte senden Sie Ihre Beitr\u00e4ge an <a href=\"mailto:presse@grc.de\">presse@grc.de<\/a><\/p>\n<p>Vorstellungen von Deckr\u00fcden oder Champions ver\u00f6ffentlichen wir gerne, bitte senden Sie uns hierzu bei einer Deckr\u00fcdenvorstellung ein Standfoto und die Daten Ihres Hundes, die in unserer Datenbank zu finden sind &#8211; bei Championtiteln bitte ein Standfoto und die <u>eingescannte<\/u> Urkunde.<br \/>\nDie Ernennung sollte nicht l\u00e4nger als 6 Monate zur\u00fcckliegen.<\/p>\n<p>Auch die sozialen Netzwerke kommen nicht zu kurz &#8211; auf facebook ist der <a href=\"https:\/\/business.facebook.com\/grcgoldenretrieverclub\" target=\"_blank\" rel=\"noopener\">GRC<\/a> ebenfalls vertreten und dort finden Sie die aktuellsten Nachrichten und auch interessante Beitr\u00e4ge zu verschiedenen Themen.<\/p>\n<p>Auch f\u00fcr diese Plattform freuen wir uns immer \u00fcber Ideen &#8222;rund um den Hund&#8220; &#8211; ebenfalls einzusenden an <a href=\"mailto:presse@grc.de\">presse@grc.de<\/a><\/p>\n<p>Wir freuen uns auf regen Austausch!<\/p>\n<\/div><\/section>\n","protected":false},"excerpt":{"rendered":"","protected":false},"author":13,"featured_media":0,"parent":101,"menu_order":0,"comment_status":"closed","ping_status":"closed","template":"","meta":{"footnotes":""},"class_list":["post-1367","page","type-page","status-publish","hentry"],"yoast_head":"<!-- This site is optimized with the Yoast SEO plugin v27.2 - https:\/\/yoast.com\/product\/yoast-seo-wordpress\/ -->\n<title>Clubnachrichten - Golden Retriever Club e.V. | GRC<\/title>\n<meta name=\"robots\" content=\"index, follow, max-snippet:-1, max-image-preview:large, max-video-preview:-1\" \/>\n<link rel=\"canonical\" href=\"https:\/\/www.grc.de\/wp\/service\/clubnachrichten\/\" \/>\n<meta property=\"og:locale\" content=\"de_DE\" \/>\n<meta property=\"og:type\" content=\"article\" \/>\n<meta property=\"og:title\" content=\"Clubnachrichten - Golden Retriever Club e.V. | GRC\" \/>\n<meta property=\"og:url\" content=\"https:\/\/www.grc.de\/wp\/service\/clubnachrichten\/\" \/>\n<meta property=\"og:site_name\" content=\"Golden Retriever Club e.V. | GRC\" \/>\n<meta property=\"article:publisher\" content=\"https:\/\/business.facebook.com\/grcgoldenretrieverclub\" \/>\n<meta property=\"article:modified_time\" content=\"2024-06-24T14:42:23+00:00\" \/>\n<meta property=\"og:image\" content=\"https:\/\/www.grc.de\/wp\/wp-content\/uploads\/2015\/07\/GRC-CN-500x333.jpg\" \/>\n<meta name=\"twitter:card\" content=\"summary_large_image\" \/>\n<meta name=\"twitter:label1\" content=\"Gesch\u00e4tzte Lesezeit\" \/>\n\t<meta name=\"twitter:data1\" content=\"3\u00a0Minuten\" \/>\n<script type=\"application\/ld+json\" class=\"yoast-schema-graph\">{\"@context\":\"https:\/\/schema.org\",\"@graph\":[{\"@type\":\"WebPage\",\"@id\":\"https:\/\/www.grc.de\/wp\/service\/clubnachrichten\/\",\"url\":\"https:\/\/www.grc.de\/wp\/service\/clubnachrichten\/\",\"name\":\"Clubnachrichten - Golden Retriever Club e.V. | GRC\",\"isPartOf\":{\"@id\":\"https:\/\/www.grc.de\/wp\/#website\"},\"primaryImageOfPage\":{\"@id\":\"https:\/\/www.grc.de\/wp\/service\/clubnachrichten\/#primaryimage\"},\"image\":{\"@id\":\"https:\/\/www.grc.de\/wp\/service\/clubnachrichten\/#primaryimage\"},\"thumbnailUrl\":\"https:\/\/www.grc.de\/wp\/wp-content\/uploads\/2015\/07\/GRC-CN-500x333.jpg\",\"datePublished\":\"2015-07-07T15:19:28+00:00\",\"dateModified\":\"2024-06-24T14:42:23+00:00\",\"breadcrumb\":{\"@id\":\"https:\/\/www.grc.de\/wp\/service\/clubnachrichten\/#breadcrumb\"},\"inLanguage\":\"de\",\"potentialAction\":[{\"@type\":\"ReadAction\",\"target\":[\"https:\/\/www.grc.de\/wp\/service\/clubnachrichten\/\"]}]},{\"@type\":\"ImageObject\",\"inLanguage\":\"de\",\"@id\":\"https:\/\/www.grc.de\/wp\/service\/clubnachrichten\/#primaryimage\",\"url\":\"https:\/\/www.grc.de\/wp\/wp-content\/uploads\/2015\/07\/GRC-CN.jpg\",\"contentUrl\":\"https:\/\/www.grc.de\/wp\/wp-content\/uploads\/2015\/07\/GRC-CN.jpg\",\"width\":900,\"height\":600},{\"@type\":\"BreadcrumbList\",\"@id\":\"https:\/\/www.grc.de\/wp\/service\/clubnachrichten\/#breadcrumb\",\"itemListElement\":[{\"@type\":\"ListItem\",\"position\":1,\"name\":\"Startseite\",\"item\":\"https:\/\/www.grc.de\/wp\/golden-retriever-club\/\"},{\"@type\":\"ListItem\",\"position\":2,\"name\":\"Service\",\"item\":\"https:\/\/www.grc.de\/wp\/service\/\"},{\"@type\":\"ListItem\",\"position\":3,\"name\":\"Clubnachrichten\"}]},{\"@type\":\"WebSite\",\"@id\":\"https:\/\/www.grc.de\/wp\/#website\",\"url\":\"https:\/\/www.grc.de\/wp\/\",\"name\":\"Golden Retriever Club e.V. | GRC\",\"description\":\"Golden Retriever Rassezuchtverein - Mitglied im Verband f\u00fcr das Deutsche Hundewesen (VDH) und der F\u00e9d\u00e9ration Cynologique Internationale (FCI).\",\"publisher\":{\"@id\":\"https:\/\/www.grc.de\/wp\/#organization\"},\"alternateName\":\"GRC\",\"potentialAction\":[{\"@type\":\"SearchAction\",\"target\":{\"@type\":\"EntryPoint\",\"urlTemplate\":\"https:\/\/www.grc.de\/wp\/?s={search_term_string}\"},\"query-input\":{\"@type\":\"PropertyValueSpecification\",\"valueRequired\":true,\"valueName\":\"search_term_string\"}}],\"inLanguage\":\"de\"},{\"@type\":\"Organization\",\"@id\":\"https:\/\/www.grc.de\/wp\/#organization\",\"name\":\"Golden Retriever Club e.V. | GRC\",\"url\":\"https:\/\/www.grc.de\/wp\/\",\"logo\":{\"@type\":\"ImageObject\",\"inLanguage\":\"de\",\"@id\":\"https:\/\/www.grc.de\/wp\/#\/schema\/logo\/image\/\",\"url\":\"https:\/\/www.grc.de\/wp\/wp-content\/uploads\/2015\/06\/GRC-Logo.png\",\"contentUrl\":\"https:\/\/www.grc.de\/wp\/wp-content\/uploads\/2015\/06\/GRC-Logo.png\",\"width\":167,\"height\":168,\"caption\":\"Golden Retriever Club e.V. | GRC\"},\"image\":{\"@id\":\"https:\/\/www.grc.de\/wp\/#\/schema\/logo\/image\/\"},\"sameAs\":[\"https:\/\/business.facebook.com\/grcgoldenretrieverclub\"]}]}<\/script>\n<!-- \/ Yoast SEO plugin. -->","yoast_head_json":{"title":"Clubnachrichten - Golden Retriever Club e.V. | GRC","robots":{"index":"index","follow":"follow","max-snippet":"max-snippet:-1","max-image-preview":"max-image-preview:large","max-video-preview":"max-video-preview:-1"},"canonical":"https:\/\/www.grc.de\/wp\/service\/clubnachrichten\/","og_locale":"de_DE","og_type":"article","og_title":"Clubnachrichten - Golden Retriever Club e.V. | GRC","og_url":"https:\/\/www.grc.de\/wp\/service\/clubnachrichten\/","og_site_name":"Golden Retriever Club e.V. | GRC","article_publisher":"https:\/\/business.facebook.com\/grcgoldenretrieverclub","article_modified_time":"2024-06-24T14:42:23+00:00","og_image":[{"url":"https:\/\/www.grc.de\/wp\/wp-content\/uploads\/2015\/07\/GRC-CN-500x333.jpg","type":"","width":"","height":""}],"twitter_card":"summary_large_image","twitter_misc":{"Gesch\u00e4tzte Lesezeit":"3\u00a0Minuten"},"schema":{"@context":"https:\/\/schema.org","@graph":[{"@type":"WebPage","@id":"https:\/\/www.grc.de\/wp\/service\/clubnachrichten\/","url":"https:\/\/www.grc.de\/wp\/service\/clubnachrichten\/","name":"Clubnachrichten - Golden Retriever Club e.V. | GRC","isPartOf":{"@id":"https:\/\/www.grc.de\/wp\/#website"},"primaryImageOfPage":{"@id":"https:\/\/www.grc.de\/wp\/service\/clubnachrichten\/#primaryimage"},"image":{"@id":"https:\/\/www.grc.de\/wp\/service\/clubnachrichten\/#primaryimage"},"thumbnailUrl":"https:\/\/www.grc.de\/wp\/wp-content\/uploads\/2015\/07\/GRC-CN-500x333.jpg","datePublished":"2015-07-07T15:19:28+00:00","dateModified":"2024-06-24T14:42:23+00:00","breadcrumb":{"@id":"https:\/\/www.grc.de\/wp\/service\/clubnachrichten\/#breadcrumb"},"inLanguage":"de","potentialAction":[{"@type":"ReadAction","target":["https:\/\/www.grc.de\/wp\/service\/clubnachrichten\/"]}]},{"@type":"ImageObject","inLanguage":"de","@id":"https:\/\/www.grc.de\/wp\/service\/clubnachrichten\/#primaryimage","url":"https:\/\/www.grc.de\/wp\/wp-content\/uploads\/2015\/07\/GRC-CN.jpg","contentUrl":"https:\/\/www.grc.de\/wp\/wp-content\/uploads\/2015\/07\/GRC-CN.jpg","width":900,"height":600},{"@type":"BreadcrumbList","@id":"https:\/\/www.grc.de\/wp\/service\/clubnachrichten\/#breadcrumb","itemListElement":[{"@type":"ListItem","position":1,"name":"Startseite","item":"https:\/\/www.grc.de\/wp\/golden-retriever-club\/"},{"@type":"ListItem","position":2,"name":"Service","item":"https:\/\/www.grc.de\/wp\/service\/"},{"@type":"ListItem","position":3,"name":"Clubnachrichten"}]},{"@type":"WebSite","@id":"https:\/\/www.grc.de\/wp\/#website","url":"https:\/\/www.grc.de\/wp\/","name":"Golden Retriever Club e.V. | GRC","description":"Golden Retriever Rassezuchtverein - Mitglied im Verband f\u00fcr das Deutsche Hundewesen (VDH) und der F\u00e9d\u00e9ration Cynologique Internationale (FCI).","publisher":{"@id":"https:\/\/www.grc.de\/wp\/#organization"},"alternateName":"GRC","potentialAction":[{"@type":"SearchAction","target":{"@type":"EntryPoint","urlTemplate":"https:\/\/www.grc.de\/wp\/?s={search_term_string}"},"query-input":{"@type":"PropertyValueSpecification","valueRequired":true,"valueName":"search_term_string"}}],"inLanguage":"de"},{"@type":"Organization","@id":"https:\/\/www.grc.de\/wp\/#organization","name":"Golden Retriever Club e.V. | GRC","url":"https:\/\/www.grc.de\/wp\/","logo":{"@type":"ImageObject","inLanguage":"de","@id":"https:\/\/www.grc.de\/wp\/#\/schema\/logo\/image\/","url":"https:\/\/www.grc.de\/wp\/wp-content\/uploads\/2015\/06\/GRC-Logo.png","contentUrl":"https:\/\/www.grc.de\/wp\/wp-content\/uploads\/2015\/06\/GRC-Logo.png","width":167,"height":168,"caption":"Golden Retriever Club e.V. | GRC"},"image":{"@id":"https:\/\/www.grc.de\/wp\/#\/schema\/logo\/image\/"},"sameAs":["https:\/\/business.facebook.com\/grcgoldenretrieverclub"]}]}},"_links":{"self":[{"href":"https:\/\/www.grc.de\/wp\/wp-json\/wp\/v2\/pages\/1367","targetHints":{"allow":["GET"]}}],"collection":[{"href":"https:\/\/www.grc.de\/wp\/wp-json\/wp\/v2\/pages"}],"about":[{"href":"https:\/\/www.grc.de\/wp\/wp-json\/wp\/v2\/types\/page"}],"author":[{"embeddable":true,"href":"https:\/\/www.grc.de\/wp\/wp-json\/wp\/v2\/users\/13"}],"replies":[{"embeddable":true,"href":"https:\/\/www.grc.de\/wp\/wp-json\/wp\/v2\/comments?post=1367"}],"version-history":[{"count":15,"href":"https:\/\/www.grc.de\/wp\/wp-json\/wp\/v2\/pages\/1367\/revisions"}],"predecessor-version":[{"id":37637,"href":"https:\/\/www.grc.de\/wp\/wp-json\/wp\/v2\/pages\/1367\/revisions\/37637"}],"up":[{"embeddable":true,"href":"https:\/\/www.grc.de\/wp\/wp-json\/wp\/v2\/pages\/101"}],"wp:attachment":[{"href":"https:\/\/www.grc.de\/wp\/wp-json\/wp\/v2\/media?parent=1367"}],"curies":[{"name":"wp","href":"https:\/\/api.w.org\/{rel}","templated":true}]}}