{"id":1390,"date":"2015-07-07T18:01:35","date_gmt":"2015-07-07T16:01:35","guid":{"rendered":"https:\/\/www.grc.de\/wp\/?page_id=1390"},"modified":"2024-07-25T11:53:10","modified_gmt":"2024-07-25T09:53:10","slug":"mitgliedschaft-im-grc","status":"publish","type":"page","link":"https:\/\/www.grc.de\/wp\/service\/mitgliedschaft-im-grc\/","title":{"rendered":"Mitgliedschaft im GRC"},"content":{"rendered":"<div id='full_slider_1'  class='avia-fullwidth-slider main_color avia-shadow   avia-builder-el-0  el_before_av_heading  avia-builder-el-first   container_wrap fullsize'  ><div  class='avia-slideshow av-4gf2b2-097115d2f1fe19dabea29e49367e5728 avia-slideshow-no scaling av_slideshow_full avia-slide-slider av-slideshow-ui av-control-default av-slideshow-manual av-loop-once av-loop-manual-endless av-default-height-applied   avia-slideshow-1' data-slideshow-options=\"{&quot;animation&quot;:&quot;slide&quot;,&quot;autoplay&quot;:false,&quot;loop_autoplay&quot;:&quot;once&quot;,&quot;interval&quot;:5,&quot;loop_manual&quot;:&quot;manual-endless&quot;,&quot;autoplay_stopper&quot;:false,&quot;noNavigation&quot;:false,&quot;bg_slider&quot;:false,&quot;keep_padding&quot;:false,&quot;hoverpause&quot;:false,&quot;show_slide_delay&quot;:0}\"  itemprop=\"image\" itemscope=\"itemscope\" itemtype=\"https:\/\/schema.org\/ImageObject\" ><ul class='avia-slideshow-inner ' style='padding-bottom: 25%;'><li  class='avia-slideshow-slide av-4gf2b2-097115d2f1fe19dabea29e49367e5728__0  av-single-slide slide-1 slide-odd'><div data-rel='slideshow-1' class='avia-slide-wrap '   ><img decoding=\"async\" class=\"wp-image-10402 avia-img-lazy-loading-not-10402\"  src=\"https:\/\/www.grc.de\/wp\/wp-content\/uploads\/2021\/08\/service.jpg\" width=\"1920\" height=\"480\" title='Golden Retriever Spa\u00df' alt='Golden Retriever Spa\u00df'  itemprop=\"thumbnailUrl\" srcset=\"https:\/\/www.grc.de\/wp\/wp-content\/uploads\/2021\/08\/service.jpg 1920w, https:\/\/www.grc.de\/wp\/wp-content\/uploads\/2021\/08\/service-400x100.jpg 400w, https:\/\/www.grc.de\/wp\/wp-content\/uploads\/2021\/08\/service-1030x258.jpg 1030w, https:\/\/www.grc.de\/wp\/wp-content\/uploads\/2021\/08\/service-80x20.jpg 80w, https:\/\/www.grc.de\/wp\/wp-content\/uploads\/2021\/08\/service-768x192.jpg 768w, https:\/\/www.grc.de\/wp\/wp-content\/uploads\/2021\/08\/service-1536x384.jpg 1536w, https:\/\/www.grc.de\/wp\/wp-content\/uploads\/2021\/08\/service-1500x375.jpg 1500w, https:\/\/www.grc.de\/wp\/wp-content\/uploads\/2021\/08\/service-705x176.jpg 705w\" sizes=\"(max-width: 1920px) 100vw, 1920px\" \/><\/div><\/li><\/ul><\/div><\/div><div id='after_full_slider_1'  class='main_color av_default_container_wrap container_wrap fullsize'  ><div class='container av-section-cont-open' ><div class='template-page content  av-content-full alpha units'><div class='post-entry post-entry-type-page post-entry-1390'><div class='entry-content-wrapper clearfix'>\n\n<style type=\"text\/css\" data-created_by=\"avia_inline_auto\" id=\"style-css-av-ksonhzxo-d803489041efc432b2927ec7f1b1e797\">\n#top .av-special-heading.av-ksonhzxo-d803489041efc432b2927ec7f1b1e797{\npadding-bottom:10px;\n}\nbody .av-special-heading.av-ksonhzxo-d803489041efc432b2927ec7f1b1e797 .av-special-heading-tag .heading-char{\nfont-size:25px;\n}\n.av-special-heading.av-ksonhzxo-d803489041efc432b2927ec7f1b1e797 .av-subheading{\nfont-size:15px;\n}\n<\/style>\n<div  class='av-special-heading av-ksonhzxo-d803489041efc432b2927ec7f1b1e797 av-special-heading-h1 blockquote elegant-quote elegant-centered  avia-builder-el-1  el_after_av_slideshow_full  el_before_av_hr  avia-builder-el-first '><h1 class='av-special-heading-tag'  itemprop=\"headline\"  ><span class=\"heading-wrap\">Mitgliedschaft im GRC<\/span><\/h1><div class=\"special-heading-border\"><div class=\"special-heading-inner-border\"><\/div><\/div><\/div>\n\n<style type=\"text\/css\" data-created_by=\"avia_inline_auto\" id=\"style-css-av-1y9e66-694010824de2903637b8404efa203b7b\">\n#top .hr.hr-invisible.av-1y9e66-694010824de2903637b8404efa203b7b{\nheight:30px;\n}\n<\/style>\n<div  class='hr av-1y9e66-694010824de2903637b8404efa203b7b hr-invisible  avia-builder-el-2  el_after_av_heading  el_before_av_image '><span class='hr-inner '><span class=\"hr-inner-style\"><\/span><\/span><\/div>\n\n<style type=\"text\/css\" data-created_by=\"avia_inline_auto\" id=\"style-css-av-ksrhjf1u-f6baf4128473b48a516d3a977c467b31\">\n.avia-image-container.av-ksrhjf1u-f6baf4128473b48a516d3a977c467b31 img.avia_image{\nbox-shadow:none;\n}\n.avia-image-container.av-ksrhjf1u-f6baf4128473b48a516d3a977c467b31 .av-image-caption-overlay-center{\ncolor:#ffffff;\n}\n<\/style>\n<div  class='avia-image-container av-ksrhjf1u-f6baf4128473b48a516d3a977c467b31 av-styling- avia-align-center  avia-builder-el-3  el_after_av_hr  el_before_av_textblock '   itemprop=\"image\" itemscope=\"itemscope\" itemtype=\"https:\/\/schema.org\/ImageObject\" ><div class=\"avia-image-container-inner\"><div class=\"avia-image-overlay-wrap\"><a href=\"https:\/\/grc.pedigreedatenbank.de\/showpage.php?seite=grc-mitgliedsantrag&amp;plaintext\" class='avia_image' target=\"_blank\" rel=\"noopener noreferrer\"><img decoding=\"async\" class='wp-image-37908 avia-img-lazy-loading-not-37908 avia_image ' src=\"https:\/\/www.grc.de\/wp\/wp-content\/uploads\/2024\/07\/Mitgliedschaft-im-Golden-Retriever-Club-eV-online.jpg\" alt='' title='GRC_Mitgliedsantrag'  height=\"600\" width=\"900\"  itemprop=\"thumbnailUrl\" srcset=\"https:\/\/www.grc.de\/wp\/wp-content\/uploads\/2024\/07\/Mitgliedschaft-im-Golden-Retriever-Club-eV-online.jpg 900w, https:\/\/www.grc.de\/wp\/wp-content\/uploads\/2024\/07\/Mitgliedschaft-im-Golden-Retriever-Club-eV-online-400x267.jpg 400w, https:\/\/www.grc.de\/wp\/wp-content\/uploads\/2024\/07\/Mitgliedschaft-im-Golden-Retriever-Club-eV-online-80x53.jpg 80w, https:\/\/www.grc.de\/wp\/wp-content\/uploads\/2024\/07\/Mitgliedschaft-im-Golden-Retriever-Club-eV-online-768x512.jpg 768w, https:\/\/www.grc.de\/wp\/wp-content\/uploads\/2024\/07\/Mitgliedschaft-im-Golden-Retriever-Club-eV-online-705x470.jpg 705w\" sizes=\"(max-width: 900px) 100vw, 900px\" \/><\/a><\/div><\/div><\/div>\n<section  class='av_textblock_section av-kson7bgv-e4ab7581646447f38fabf6ba6fd81eba'  itemscope=\"itemscope\" itemtype=\"https:\/\/schema.org\/CreativeWork\" ><div class='avia_textblock'  itemprop=\"text\" ><p><strong>Der freundliche Club f\u00fcr freundliche Hunde<\/strong><br \/>\nNeben der Aufgabe, die Zucht gesunder und rassetypischer Golden Retriever zu f\u00f6rdern, wollen wir unseren Mitgliedern ebenfalls ein Forum mit vielen interessanten Details rund um diese wunderbare Hunderasse bieten.<\/p>\n<p>Durch die Zusammenarbeit mit einer Vielzahl von anerkannten Ausbildungspl\u00e4tzen in der gesamten Bundesrepublik sowie den regelm\u00e4\u00dfig stattfindenden Spezial-Rassehunde-Ausstellungen freuen wir uns, unseren Mitgliedern dadurch einen Rundum-Service f\u00fcr ihr Leben mit einem oder mehreren Golden Retrievern bieten zu k\u00f6nnen.<\/p>\n<p>In der Vereinszeitschrift &#8222;Clubnachrichten&#8220; informieren wir die Mitglieder \u00fcber das Vereinsgeschehen. Neben Terminank\u00fcndigungen f\u00fcr diverse Veranstaltungen, Seminare, Ausstellungs- und Pr\u00fcfungsergebnissen und zuchtrelevanten Daten spiegeln Berichte zur Gesundheit und Erziehung, pers\u00f6nliche Erlebnisberichte und Inspirationen f\u00fcr sch\u00f6ne Dinge mit dem Golden Retriever das breite Interessenspektrum der Mitglieder vom &#8222;Junior&#8220; bis zum &#8222;Senior&#8220; wieder.<\/p>\n<p align=\"LEFT\"><strong>Profitieren auch Sie von einer Mitgliedschaft im GRC und werden Sie Teil einer gro\u00dfen Gemeinschaft f\u00fcr eine einzigartige, vielseitige und wunderbare Hunderasse&#8230; dem Golden Retriever!<\/strong><\/p>\n<p>Sollten Sie Fragen haben, stehen wir Ihnen gerne zur Verf\u00fcgung.<\/p>\n<p style=\"text-align: left;\"><a class=\"myButton\" href=\"https:\/\/grc.pedigreedatenbank.de\/showpage.php?seite=grc-mitgliedsantrag&amp;plaintext\" target=\"_blank\" rel=\"noopener\"> Zum Online Mitgliedsantrag <\/a><\/p>\n<\/div><\/section>\n<section  class='av_textblock_section av-kson7q3w-c981b1b4de1fddf945ff0f4e154d1740'  itemscope=\"itemscope\" itemtype=\"https:\/\/schema.org\/CreativeWork\" ><div class='avia_textblock'  itemprop=\"text\" ><p>Weitere Infos:<\/p>\n<ul>\n<li><a href=\"https:\/\/www.grc.de\/wp\/service\/ordnungen-formulare\/\"><strong>Satzung, Geb\u00fchren und Mitgliedsantrag<\/strong><\/a><\/li>\n<li><a href=\"https:\/\/www.grc.de\/wp\/service\/clubnachrichten\/\"><strong>GRC Clubnachrichten<\/strong><\/a><\/li>\n<\/ul>\n<\/div><\/section>\n","protected":false},"excerpt":{"rendered":"","protected":false},"author":13,"featured_media":0,"parent":101,"menu_order":0,"comment_status":"closed","ping_status":"closed","template":"","meta":{"footnotes":""},"class_list":["post-1390","page","type-page","status-publish","hentry"],"yoast_head":"<!-- This site is optimized with the Yoast SEO plugin v27.2 - https:\/\/yoast.com\/product\/yoast-seo-wordpress\/ -->\n<title>Mitgliedschaft im GRC - Golden Retriever Club e.V. | GRC<\/title>\n<meta name=\"robots\" content=\"index, follow, max-snippet:-1, max-image-preview:large, max-video-preview:-1\" \/>\n<link rel=\"canonical\" href=\"https:\/\/www.grc.de\/wp\/service\/mitgliedschaft-im-grc\/\" \/>\n<meta property=\"og:locale\" content=\"de_DE\" \/>\n<meta property=\"og:type\" content=\"article\" \/>\n<meta property=\"og:title\" content=\"Mitgliedschaft im GRC - Golden Retriever Club e.V. | GRC\" \/>\n<meta property=\"og:url\" content=\"https:\/\/www.grc.de\/wp\/service\/mitgliedschaft-im-grc\/\" \/>\n<meta property=\"og:site_name\" content=\"Golden Retriever Club e.V. | GRC\" \/>\n<meta property=\"article:publisher\" content=\"https:\/\/business.facebook.com\/grcgoldenretrieverclub\" \/>\n<meta property=\"article:modified_time\" content=\"2024-07-25T09:53:10+00:00\" \/>\n<meta property=\"og:image\" content=\"https:\/\/www.grc.de\/wp\/wp-content\/uploads\/2023\/06\/grc-1a.jpg\" \/>\n\t<meta property=\"og:image:width\" content=\"1013\" \/>\n\t<meta property=\"og:image:height\" content=\"675\" \/>\n\t<meta property=\"og:image:type\" content=\"image\/jpeg\" \/>\n<meta name=\"twitter:card\" content=\"summary_large_image\" \/>\n<meta name=\"twitter:label1\" content=\"Gesch\u00e4tzte Lesezeit\" \/>\n\t<meta name=\"twitter:data1\" content=\"5\u00a0Minuten\" \/>\n<script type=\"application\/ld+json\" class=\"yoast-schema-graph\">{\"@context\":\"https:\/\/schema.org\",\"@graph\":[{\"@type\":\"WebPage\",\"@id\":\"https:\/\/www.grc.de\/wp\/service\/mitgliedschaft-im-grc\/\",\"url\":\"https:\/\/www.grc.de\/wp\/service\/mitgliedschaft-im-grc\/\",\"name\":\"Mitgliedschaft im GRC - Golden Retriever Club e.V. | GRC\",\"isPartOf\":{\"@id\":\"https:\/\/www.grc.de\/wp\/#website\"},\"datePublished\":\"2015-07-07T16:01:35+00:00\",\"dateModified\":\"2024-07-25T09:53:10+00:00\",\"breadcrumb\":{\"@id\":\"https:\/\/www.grc.de\/wp\/service\/mitgliedschaft-im-grc\/#breadcrumb\"},\"inLanguage\":\"de\",\"potentialAction\":[{\"@type\":\"ReadAction\",\"target\":[\"https:\/\/www.grc.de\/wp\/service\/mitgliedschaft-im-grc\/\"]}]},{\"@type\":\"BreadcrumbList\",\"@id\":\"https:\/\/www.grc.de\/wp\/service\/mitgliedschaft-im-grc\/#breadcrumb\",\"itemListElement\":[{\"@type\":\"ListItem\",\"position\":1,\"name\":\"Startseite\",\"item\":\"https:\/\/www.grc.de\/wp\/golden-retriever-club\/\"},{\"@type\":\"ListItem\",\"position\":2,\"name\":\"Service\",\"item\":\"https:\/\/www.grc.de\/wp\/service\/\"},{\"@type\":\"ListItem\",\"position\":3,\"name\":\"Mitgliedschaft im GRC\"}]},{\"@type\":\"WebSite\",\"@id\":\"https:\/\/www.grc.de\/wp\/#website\",\"url\":\"https:\/\/www.grc.de\/wp\/\",\"name\":\"Golden Retriever Club e.V. | GRC\",\"description\":\"Golden Retriever Rassezuchtverein - Mitglied im Verband f\u00fcr das Deutsche Hundewesen (VDH) und der F\u00e9d\u00e9ration Cynologique Internationale (FCI).\",\"publisher\":{\"@id\":\"https:\/\/www.grc.de\/wp\/#organization\"},\"alternateName\":\"GRC\",\"potentialAction\":[{\"@type\":\"SearchAction\",\"target\":{\"@type\":\"EntryPoint\",\"urlTemplate\":\"https:\/\/www.grc.de\/wp\/?s={search_term_string}\"},\"query-input\":{\"@type\":\"PropertyValueSpecification\",\"valueRequired\":true,\"valueName\":\"search_term_string\"}}],\"inLanguage\":\"de\"},{\"@type\":\"Organization\",\"@id\":\"https:\/\/www.grc.de\/wp\/#organization\",\"name\":\"Golden Retriever Club e.V. | GRC\",\"url\":\"https:\/\/www.grc.de\/wp\/\",\"logo\":{\"@type\":\"ImageObject\",\"inLanguage\":\"de\",\"@id\":\"https:\/\/www.grc.de\/wp\/#\/schema\/logo\/image\/\",\"url\":\"https:\/\/www.grc.de\/wp\/wp-content\/uploads\/2015\/06\/GRC-Logo.png\",\"contentUrl\":\"https:\/\/www.grc.de\/wp\/wp-content\/uploads\/2015\/06\/GRC-Logo.png\",\"width\":167,\"height\":168,\"caption\":\"Golden Retriever Club e.V. | GRC\"},\"image\":{\"@id\":\"https:\/\/www.grc.de\/wp\/#\/schema\/logo\/image\/\"},\"sameAs\":[\"https:\/\/business.facebook.com\/grcgoldenretrieverclub\"]}]}<\/script>\n<!-- \/ Yoast SEO plugin. -->","yoast_head_json":{"title":"Mitgliedschaft im GRC - Golden Retriever Club e.V. | GRC","robots":{"index":"index","follow":"follow","max-snippet":"max-snippet:-1","max-image-preview":"max-image-preview:large","max-video-preview":"max-video-preview:-1"},"canonical":"https:\/\/www.grc.de\/wp\/service\/mitgliedschaft-im-grc\/","og_locale":"de_DE","og_type":"article","og_title":"Mitgliedschaft im GRC - Golden Retriever Club e.V. | GRC","og_url":"https:\/\/www.grc.de\/wp\/service\/mitgliedschaft-im-grc\/","og_site_name":"Golden Retriever Club e.V. | GRC","article_publisher":"https:\/\/business.facebook.com\/grcgoldenretrieverclub","article_modified_time":"2024-07-25T09:53:10+00:00","og_image":[{"width":1013,"height":675,"url":"https:\/\/www.grc.de\/wp\/wp-content\/uploads\/2023\/06\/grc-1a.jpg","type":"image\/jpeg"}],"twitter_card":"summary_large_image","twitter_misc":{"Gesch\u00e4tzte Lesezeit":"5\u00a0Minuten"},"schema":{"@context":"https:\/\/schema.org","@graph":[{"@type":"WebPage","@id":"https:\/\/www.grc.de\/wp\/service\/mitgliedschaft-im-grc\/","url":"https:\/\/www.grc.de\/wp\/service\/mitgliedschaft-im-grc\/","name":"Mitgliedschaft im GRC - Golden Retriever Club e.V. | GRC","isPartOf":{"@id":"https:\/\/www.grc.de\/wp\/#website"},"datePublished":"2015-07-07T16:01:35+00:00","dateModified":"2024-07-25T09:53:10+00:00","breadcrumb":{"@id":"https:\/\/www.grc.de\/wp\/service\/mitgliedschaft-im-grc\/#breadcrumb"},"inLanguage":"de","potentialAction":[{"@type":"ReadAction","target":["https:\/\/www.grc.de\/wp\/service\/mitgliedschaft-im-grc\/"]}]},{"@type":"BreadcrumbList","@id":"https:\/\/www.grc.de\/wp\/service\/mitgliedschaft-im-grc\/#breadcrumb","itemListElement":[{"@type":"ListItem","position":1,"name":"Startseite","item":"https:\/\/www.grc.de\/wp\/golden-retriever-club\/"},{"@type":"ListItem","position":2,"name":"Service","item":"https:\/\/www.grc.de\/wp\/service\/"},{"@type":"ListItem","position":3,"name":"Mitgliedschaft im GRC"}]},{"@type":"WebSite","@id":"https:\/\/www.grc.de\/wp\/#website","url":"https:\/\/www.grc.de\/wp\/","name":"Golden Retriever Club e.V. | GRC","description":"Golden Retriever Rassezuchtverein - Mitglied im Verband f\u00fcr das Deutsche Hundewesen (VDH) und der F\u00e9d\u00e9ration Cynologique Internationale (FCI).","publisher":{"@id":"https:\/\/www.grc.de\/wp\/#organization"},"alternateName":"GRC","potentialAction":[{"@type":"SearchAction","target":{"@type":"EntryPoint","urlTemplate":"https:\/\/www.grc.de\/wp\/?s={search_term_string}"},"query-input":{"@type":"PropertyValueSpecification","valueRequired":true,"valueName":"search_term_string"}}],"inLanguage":"de"},{"@type":"Organization","@id":"https:\/\/www.grc.de\/wp\/#organization","name":"Golden Retriever Club e.V. | GRC","url":"https:\/\/www.grc.de\/wp\/","logo":{"@type":"ImageObject","inLanguage":"de","@id":"https:\/\/www.grc.de\/wp\/#\/schema\/logo\/image\/","url":"https:\/\/www.grc.de\/wp\/wp-content\/uploads\/2015\/06\/GRC-Logo.png","contentUrl":"https:\/\/www.grc.de\/wp\/wp-content\/uploads\/2015\/06\/GRC-Logo.png","width":167,"height":168,"caption":"Golden Retriever Club e.V. | GRC"},"image":{"@id":"https:\/\/www.grc.de\/wp\/#\/schema\/logo\/image\/"},"sameAs":["https:\/\/business.facebook.com\/grcgoldenretrieverclub"]}]}},"_links":{"self":[{"href":"https:\/\/www.grc.de\/wp\/wp-json\/wp\/v2\/pages\/1390","targetHints":{"allow":["GET"]}}],"collection":[{"href":"https:\/\/www.grc.de\/wp\/wp-json\/wp\/v2\/pages"}],"about":[{"href":"https:\/\/www.grc.de\/wp\/wp-json\/wp\/v2\/types\/page"}],"author":[{"embeddable":true,"href":"https:\/\/www.grc.de\/wp\/wp-json\/wp\/v2\/users\/13"}],"replies":[{"embeddable":true,"href":"https:\/\/www.grc.de\/wp\/wp-json\/wp\/v2\/comments?post=1390"}],"version-history":[{"count":31,"href":"https:\/\/www.grc.de\/wp\/wp-json\/wp\/v2\/pages\/1390\/revisions"}],"predecessor-version":[{"id":37962,"href":"https:\/\/www.grc.de\/wp\/wp-json\/wp\/v2\/pages\/1390\/revisions\/37962"}],"up":[{"embeddable":true,"href":"https:\/\/www.grc.de\/wp\/wp-json\/wp\/v2\/pages\/101"}],"wp:attachment":[{"href":"https:\/\/www.grc.de\/wp\/wp-json\/wp\/v2\/media?parent=1390"}],"curies":[{"name":"wp","href":"https:\/\/api.w.org\/{rel}","templated":true}]}}