{"id":460,"date":"2015-06-22T12:39:04","date_gmt":"2015-06-22T10:39:04","guid":{"rendered":"https:\/\/www.grc.de\/wp\/?page_id=460"},"modified":"2024-07-31T15:06:52","modified_gmt":"2024-07-31T13:06:52","slug":"grc-deckrueden","status":"publish","type":"page","link":"https:\/\/www.grc.de\/wp\/zucht\/grc-deckrueden\/","title":{"rendered":"GRC Deckr\u00fcden und genehmigte Deckr\u00fcden"},"content":{"rendered":"<div id='full_slider_1'  class='avia-fullwidth-slider main_color avia-shadow   avia-builder-el-0  el_before_av_heading  avia-builder-el-first   container_wrap fullsize'  ><div  class='avia-slideshow av-oidsc-620d867724a58069d1aa6731e9b24375 avia-slideshow-no scaling av_slideshow_full avia-slide-slider av-slideshow-ui av-control-default av-slideshow-manual av-loop-once av-loop-manual-endless av-default-height-applied   avia-slideshow-1' data-slideshow-options=\"{&quot;animation&quot;:&quot;slide&quot;,&quot;autoplay&quot;:false,&quot;loop_autoplay&quot;:&quot;once&quot;,&quot;interval&quot;:5,&quot;loop_manual&quot;:&quot;manual-endless&quot;,&quot;autoplay_stopper&quot;:false,&quot;noNavigation&quot;:false,&quot;bg_slider&quot;:false,&quot;keep_padding&quot;:false,&quot;hoverpause&quot;:false,&quot;show_slide_delay&quot;:0}\"  itemprop=\"image\" itemscope=\"itemscope\" itemtype=\"https:\/\/schema.org\/ImageObject\" ><ul class='avia-slideshow-inner ' style='padding-bottom: 25%;'><li  class='avia-slideshow-slide av-oidsc-620d867724a58069d1aa6731e9b24375__0  av-single-slide slide-1 slide-odd'><div data-rel='slideshow-1' class='avia-slide-wrap '   ><img decoding=\"async\" class=\"wp-image-10678 avia-img-lazy-loading-not-10678\"  src=\"https:\/\/www.grc.de\/wp\/wp-content\/uploads\/2021\/09\/grc-24.jpg\" width=\"1920\" height=\"480\" title='Golden Retriever Welpe' alt='Golden Retriever Welpe'  itemprop=\"thumbnailUrl\" srcset=\"https:\/\/www.grc.de\/wp\/wp-content\/uploads\/2021\/09\/grc-24.jpg 1920w, https:\/\/www.grc.de\/wp\/wp-content\/uploads\/2021\/09\/grc-24-400x100.jpg 400w, https:\/\/www.grc.de\/wp\/wp-content\/uploads\/2021\/09\/grc-24-1030x258.jpg 1030w, https:\/\/www.grc.de\/wp\/wp-content\/uploads\/2021\/09\/grc-24-80x20.jpg 80w, https:\/\/www.grc.de\/wp\/wp-content\/uploads\/2021\/09\/grc-24-768x192.jpg 768w, https:\/\/www.grc.de\/wp\/wp-content\/uploads\/2021\/09\/grc-24-1536x384.jpg 1536w, https:\/\/www.grc.de\/wp\/wp-content\/uploads\/2021\/09\/grc-24-1500x375.jpg 1500w, https:\/\/www.grc.de\/wp\/wp-content\/uploads\/2021\/09\/grc-24-705x176.jpg 705w\" sizes=\"(max-width: 1920px) 100vw, 1920px\" \/><\/div><\/li><\/ul><\/div><\/div><div id='after_full_slider_1'  class='main_color av_default_container_wrap container_wrap fullsize'  ><div class='container av-section-cont-open' ><div class='template-page content  av-content-full alpha units'><div class='post-entry post-entry-type-page post-entry-460'><div class='entry-content-wrapper clearfix'>\n\n<style type=\"text\/css\" data-created_by=\"avia_inline_auto\" id=\"style-css-av-kszxw379-281b82e2348b86b37a9e030cc4d812d4\">\n#top .av-special-heading.av-kszxw379-281b82e2348b86b37a9e030cc4d812d4{\npadding-bottom:10px;\n}\nbody .av-special-heading.av-kszxw379-281b82e2348b86b37a9e030cc4d812d4 .av-special-heading-tag .heading-char{\nfont-size:25px;\n}\n.av-special-heading.av-kszxw379-281b82e2348b86b37a9e030cc4d812d4 .av-subheading{\nfont-size:15px;\n}\n<\/style>\n<div  class='av-special-heading av-kszxw379-281b82e2348b86b37a9e030cc4d812d4 av-special-heading-h1 blockquote elegant-quote elegant-centered  avia-builder-el-1  el_after_av_slideshow_full  el_before_av_hr  avia-builder-el-first '><h1 class='av-special-heading-tag'  itemprop=\"headline\"  ><span class=\"heading-wrap\">GRC Deckr\u00fcden und genehmigte Deckr\u00fcden<\/span><\/h1><div class=\"special-heading-border\"><div class=\"special-heading-inner-border\"><\/div><\/div><\/div>\n\n<style type=\"text\/css\" data-created_by=\"avia_inline_auto\" id=\"style-css-av-essws-72bb653ace976c183fd307e22ceae726\">\n#top .hr.hr-invisible.av-essws-72bb653ace976c183fd307e22ceae726{\nheight:30px;\n}\n<\/style>\n<div  class='hr av-essws-72bb653ace976c183fd307e22ceae726 hr-invisible  avia-builder-el-2  el_after_av_heading  el_before_av_textblock '><span class='hr-inner '><span class=\"hr-inner-style\"><\/span><\/span><\/div>\n<section  class='av_textblock_section av-2d8c-af4737e4cceac7766189314b0292bd78'  itemscope=\"itemscope\" itemtype=\"https:\/\/schema.org\/CreativeWork\" ><div class='avia_textblock'  itemprop=\"text\" ><p style=\"text-align: left;\">Die aktuelle Liste der im GRC zugelassenen Deckr\u00fcden sowie der genehmigten Deckr\u00fcden finden Sie in unserer neuen Hundedatenbank Breedmaster.<\/p>\n<p style=\"text-align: center;\"><strong><a href=\"https:\/\/www.grc.pedigreedatenbank.de\/deckrudenlist.php\" target=\"_blank\" rel=\"noopener\">\u00bb Breedmaster Hundedatenbank<\/a><\/strong><\/p>\n<p>In der GRC Hundedatenbank finden Sie auch Informationen zu allen im GRC gez\u00fcchteten Golden Retrievern sowie deren Ahnen und Nachkommen,\u00a0 Z\u00fcchter und Wurfverzeichnisse. Unseren Z\u00fcchtern stehen in der Datenbank die erweiterten Funktionen zu Wurfplanungen, Deckmeldungen etc. zur Verf\u00fcgung. <!--Alle Z\u00fcchter und Zuchtwarte haben hierzu automatisch eine Email mit Zugangsdaten zu einem pers\u00f6nlichen Account erhalten (Unter Umst\u00e4nden kann es bei einigen Mail-Accounts dazu f\u00fchren, dass die Email im Spam-Ordner erscheint).\nDer Online Deckschein steht ab sofort nur noch Z\u00fcchtern \u00fcber die Hundedatenbank zur Verf\u00fcgung. Nachdem Sie sich eingeloggt haben, steht dieser Ihnen unter \"Sonstiges \u00bb Downloadbereich\" zur Verf\u00fcgung.\nDeckr\u00fcdenbesitzer werden gebeten, unter Angabe ihrer GRC-Mitgliedsnummer beim 1. Vorsitzenden Martin Kopfer (<a href=\"mailto:V1@grc.de\">V1@grc.de<\/a>) einen pers\u00f6nlichen Account anzufordern. F\u00fcr Deckr\u00fcdenbesitzer, welche auch Z\u00fcchter sind, entf\u00e4llt dies, da sie bereits \u00fcber den Account f\u00fcr Z\u00fcchter verf\u00fcgen.\n\nZur Zeit ist die Datenbank noch nicht 100% vollst\u00e4ndig bzw. fehlerfrei und wird noch von einigen ehrenamtlichen Helfern gepflegt. Hierf\u00fcr m\u00f6chten wir uns bereits herzlich f\u00fcr die gro\u00dfartige Unterst\u00fctzung bedanken!\n\n--><\/p>\n<h3 style=\"text-align: center;\">Im Folgenden finden Sie eine \u00dcbersicht der Deckr\u00fcden unserer Mitglieder:<\/h3>\n<p><iframe loading=\"lazy\" id=\"embeddedPage\" style=\"border: 1px solid grey;\" src=\"https:\/\/grc.pedigreedatenbank.de\/liste.php?id=138\" width=\"100%\" height=\"1200px\"><\/iframe><\/p>\n<\/div><\/section>\n","protected":false},"excerpt":{"rendered":"","protected":false},"author":13,"featured_media":0,"parent":429,"menu_order":0,"comment_status":"closed","ping_status":"closed","template":"","meta":{"footnotes":""},"class_list":["post-460","page","type-page","status-publish","hentry"],"yoast_head":"<!-- This site is optimized with the Yoast SEO plugin v27.2 - https:\/\/yoast.com\/product\/yoast-seo-wordpress\/ -->\n<title>GRC Deckr\u00fcden und genehmigte Deckr\u00fcden - Golden Retriever Club e.V. | GRC<\/title>\n<meta name=\"robots\" content=\"index, follow, max-snippet:-1, max-image-preview:large, max-video-preview:-1\" \/>\n<link rel=\"canonical\" href=\"https:\/\/www.grc.de\/wp\/zucht\/grc-deckrueden\/\" \/>\n<meta property=\"og:locale\" content=\"de_DE\" \/>\n<meta property=\"og:type\" content=\"article\" \/>\n<meta property=\"og:title\" content=\"GRC Deckr\u00fcden und genehmigte Deckr\u00fcden - Golden Retriever Club e.V. | GRC\" \/>\n<meta property=\"og:url\" content=\"https:\/\/www.grc.de\/wp\/zucht\/grc-deckrueden\/\" \/>\n<meta property=\"og:site_name\" content=\"Golden Retriever Club e.V. | GRC\" \/>\n<meta property=\"article:publisher\" content=\"https:\/\/business.facebook.com\/grcgoldenretrieverclub\" \/>\n<meta property=\"article:modified_time\" content=\"2024-07-31T13:06:52+00:00\" \/>\n<meta property=\"og:image\" content=\"https:\/\/www.grc.de\/wp\/wp-content\/uploads\/2023\/06\/grc-1a.jpg\" \/>\n\t<meta property=\"og:image:width\" content=\"1013\" \/>\n\t<meta property=\"og:image:height\" content=\"675\" \/>\n\t<meta property=\"og:image:type\" content=\"image\/jpeg\" \/>\n<meta name=\"twitter:card\" content=\"summary_large_image\" \/>\n<meta name=\"twitter:label1\" content=\"Gesch\u00e4tzte Lesezeit\" \/>\n\t<meta name=\"twitter:data1\" content=\"3\u00a0Minuten\" \/>\n<script type=\"application\/ld+json\" class=\"yoast-schema-graph\">{\"@context\":\"https:\/\/schema.org\",\"@graph\":[{\"@type\":\"WebPage\",\"@id\":\"https:\/\/www.grc.de\/wp\/zucht\/grc-deckrueden\/\",\"url\":\"https:\/\/www.grc.de\/wp\/zucht\/grc-deckrueden\/\",\"name\":\"GRC Deckr\u00fcden und genehmigte Deckr\u00fcden - Golden Retriever Club e.V. | GRC\",\"isPartOf\":{\"@id\":\"https:\/\/www.grc.de\/wp\/#website\"},\"datePublished\":\"2015-06-22T10:39:04+00:00\",\"dateModified\":\"2024-07-31T13:06:52+00:00\",\"breadcrumb\":{\"@id\":\"https:\/\/www.grc.de\/wp\/zucht\/grc-deckrueden\/#breadcrumb\"},\"inLanguage\":\"de\",\"potentialAction\":[{\"@type\":\"ReadAction\",\"target\":[\"https:\/\/www.grc.de\/wp\/zucht\/grc-deckrueden\/\"]}]},{\"@type\":\"BreadcrumbList\",\"@id\":\"https:\/\/www.grc.de\/wp\/zucht\/grc-deckrueden\/#breadcrumb\",\"itemListElement\":[{\"@type\":\"ListItem\",\"position\":1,\"name\":\"Startseite\",\"item\":\"https:\/\/www.grc.de\/wp\/golden-retriever-club\/\"},{\"@type\":\"ListItem\",\"position\":2,\"name\":\"Wissenswertes zur Zucht\",\"item\":\"https:\/\/www.grc.de\/wp\/zucht\/\"},{\"@type\":\"ListItem\",\"position\":3,\"name\":\"GRC Deckr\u00fcden und genehmigte Deckr\u00fcden\"}]},{\"@type\":\"WebSite\",\"@id\":\"https:\/\/www.grc.de\/wp\/#website\",\"url\":\"https:\/\/www.grc.de\/wp\/\",\"name\":\"Golden Retriever Club e.V. | GRC\",\"description\":\"Golden Retriever Rassezuchtverein - Mitglied im Verband f\u00fcr das Deutsche Hundewesen (VDH) und der F\u00e9d\u00e9ration Cynologique Internationale (FCI).\",\"publisher\":{\"@id\":\"https:\/\/www.grc.de\/wp\/#organization\"},\"alternateName\":\"GRC\",\"potentialAction\":[{\"@type\":\"SearchAction\",\"target\":{\"@type\":\"EntryPoint\",\"urlTemplate\":\"https:\/\/www.grc.de\/wp\/?s={search_term_string}\"},\"query-input\":{\"@type\":\"PropertyValueSpecification\",\"valueRequired\":true,\"valueName\":\"search_term_string\"}}],\"inLanguage\":\"de\"},{\"@type\":\"Organization\",\"@id\":\"https:\/\/www.grc.de\/wp\/#organization\",\"name\":\"Golden Retriever Club e.V. | GRC\",\"url\":\"https:\/\/www.grc.de\/wp\/\",\"logo\":{\"@type\":\"ImageObject\",\"inLanguage\":\"de\",\"@id\":\"https:\/\/www.grc.de\/wp\/#\/schema\/logo\/image\/\",\"url\":\"https:\/\/www.grc.de\/wp\/wp-content\/uploads\/2015\/06\/GRC-Logo.png\",\"contentUrl\":\"https:\/\/www.grc.de\/wp\/wp-content\/uploads\/2015\/06\/GRC-Logo.png\",\"width\":167,\"height\":168,\"caption\":\"Golden Retriever Club e.V. | GRC\"},\"image\":{\"@id\":\"https:\/\/www.grc.de\/wp\/#\/schema\/logo\/image\/\"},\"sameAs\":[\"https:\/\/business.facebook.com\/grcgoldenretrieverclub\"]}]}<\/script>\n<!-- \/ Yoast SEO plugin. -->","yoast_head_json":{"title":"GRC Deckr\u00fcden und genehmigte Deckr\u00fcden - Golden Retriever Club e.V. | GRC","robots":{"index":"index","follow":"follow","max-snippet":"max-snippet:-1","max-image-preview":"max-image-preview:large","max-video-preview":"max-video-preview:-1"},"canonical":"https:\/\/www.grc.de\/wp\/zucht\/grc-deckrueden\/","og_locale":"de_DE","og_type":"article","og_title":"GRC Deckr\u00fcden und genehmigte Deckr\u00fcden - Golden Retriever Club e.V. | GRC","og_url":"https:\/\/www.grc.de\/wp\/zucht\/grc-deckrueden\/","og_site_name":"Golden Retriever Club e.V. | GRC","article_publisher":"https:\/\/business.facebook.com\/grcgoldenretrieverclub","article_modified_time":"2024-07-31T13:06:52+00:00","og_image":[{"width":1013,"height":675,"url":"https:\/\/www.grc.de\/wp\/wp-content\/uploads\/2023\/06\/grc-1a.jpg","type":"image\/jpeg"}],"twitter_card":"summary_large_image","twitter_misc":{"Gesch\u00e4tzte Lesezeit":"3\u00a0Minuten"},"schema":{"@context":"https:\/\/schema.org","@graph":[{"@type":"WebPage","@id":"https:\/\/www.grc.de\/wp\/zucht\/grc-deckrueden\/","url":"https:\/\/www.grc.de\/wp\/zucht\/grc-deckrueden\/","name":"GRC Deckr\u00fcden und genehmigte Deckr\u00fcden - Golden Retriever Club e.V. | GRC","isPartOf":{"@id":"https:\/\/www.grc.de\/wp\/#website"},"datePublished":"2015-06-22T10:39:04+00:00","dateModified":"2024-07-31T13:06:52+00:00","breadcrumb":{"@id":"https:\/\/www.grc.de\/wp\/zucht\/grc-deckrueden\/#breadcrumb"},"inLanguage":"de","potentialAction":[{"@type":"ReadAction","target":["https:\/\/www.grc.de\/wp\/zucht\/grc-deckrueden\/"]}]},{"@type":"BreadcrumbList","@id":"https:\/\/www.grc.de\/wp\/zucht\/grc-deckrueden\/#breadcrumb","itemListElement":[{"@type":"ListItem","position":1,"name":"Startseite","item":"https:\/\/www.grc.de\/wp\/golden-retriever-club\/"},{"@type":"ListItem","position":2,"name":"Wissenswertes zur Zucht","item":"https:\/\/www.grc.de\/wp\/zucht\/"},{"@type":"ListItem","position":3,"name":"GRC Deckr\u00fcden und genehmigte Deckr\u00fcden"}]},{"@type":"WebSite","@id":"https:\/\/www.grc.de\/wp\/#website","url":"https:\/\/www.grc.de\/wp\/","name":"Golden Retriever Club e.V. | GRC","description":"Golden Retriever Rassezuchtverein - Mitglied im Verband f\u00fcr das Deutsche Hundewesen (VDH) und der F\u00e9d\u00e9ration Cynologique Internationale (FCI).","publisher":{"@id":"https:\/\/www.grc.de\/wp\/#organization"},"alternateName":"GRC","potentialAction":[{"@type":"SearchAction","target":{"@type":"EntryPoint","urlTemplate":"https:\/\/www.grc.de\/wp\/?s={search_term_string}"},"query-input":{"@type":"PropertyValueSpecification","valueRequired":true,"valueName":"search_term_string"}}],"inLanguage":"de"},{"@type":"Organization","@id":"https:\/\/www.grc.de\/wp\/#organization","name":"Golden Retriever Club e.V. | GRC","url":"https:\/\/www.grc.de\/wp\/","logo":{"@type":"ImageObject","inLanguage":"de","@id":"https:\/\/www.grc.de\/wp\/#\/schema\/logo\/image\/","url":"https:\/\/www.grc.de\/wp\/wp-content\/uploads\/2015\/06\/GRC-Logo.png","contentUrl":"https:\/\/www.grc.de\/wp\/wp-content\/uploads\/2015\/06\/GRC-Logo.png","width":167,"height":168,"caption":"Golden Retriever Club e.V. | GRC"},"image":{"@id":"https:\/\/www.grc.de\/wp\/#\/schema\/logo\/image\/"},"sameAs":["https:\/\/business.facebook.com\/grcgoldenretrieverclub"]}]}},"_links":{"self":[{"href":"https:\/\/www.grc.de\/wp\/wp-json\/wp\/v2\/pages\/460","targetHints":{"allow":["GET"]}}],"collection":[{"href":"https:\/\/www.grc.de\/wp\/wp-json\/wp\/v2\/pages"}],"about":[{"href":"https:\/\/www.grc.de\/wp\/wp-json\/wp\/v2\/types\/page"}],"author":[{"embeddable":true,"href":"https:\/\/www.grc.de\/wp\/wp-json\/wp\/v2\/users\/13"}],"replies":[{"embeddable":true,"href":"https:\/\/www.grc.de\/wp\/wp-json\/wp\/v2\/comments?post=460"}],"version-history":[{"count":17,"href":"https:\/\/www.grc.de\/wp\/wp-json\/wp\/v2\/pages\/460\/revisions"}],"predecessor-version":[{"id":37949,"href":"https:\/\/www.grc.de\/wp\/wp-json\/wp\/v2\/pages\/460\/revisions\/37949"}],"up":[{"embeddable":true,"href":"https:\/\/www.grc.de\/wp\/wp-json\/wp\/v2\/pages\/429"}],"wp:attachment":[{"href":"https:\/\/www.grc.de\/wp\/wp-json\/wp\/v2\/media?parent=460"}],"curies":[{"name":"wp","href":"https:\/\/api.w.org\/{rel}","templated":true}]}}