{"id":5776,"date":"2018-05-25T02:00:47","date_gmt":"2018-05-25T00:00:47","guid":{"rendered":"https:\/\/www.grc.de\/?page_id=5776"},"modified":"2024-06-29T18:46:08","modified_gmt":"2024-06-29T16:46:08","slug":"datenschutz","status":"publish","type":"page","link":"https:\/\/www.grc.de\/wp\/datenschutz\/","title":{"rendered":"Datenschutz"},"content":{"rendered":"<p><strong>Datenschutzerkl\u00e4rung<\/strong><\/p>\n<p>Wir freuen uns sehr \u00fcber Ihr Interesse an unserem Verein. Datenschutz und Datensicherheit hat f\u00fcr uns einen besonders hohen Stellenwert.<br \/>\nWir behandeln Ihre personenbezogenen Daten vertraulich und entsprechend der gesetzlichen Datenschutzvorschriften sowie dieser Datenschutzerkl\u00e4rung.<br \/>\nWenn Sie unsere Website benutzen, werden verschiedene personenbezogene Daten erhoben. Personenbezogene Daten sind Daten, mit denen Sie pers\u00f6nlich identifiziert werden k\u00f6nnen.<br \/>\nDiese Datenschutzerkl\u00e4rung erl\u00e4utert, welche Daten wir erheben und wof\u00fcr wir sie nutzen. Sie erl\u00e4utert auch, wie und zu welchem Zweck das geschieht.<br \/>\nWir weisen darauf hin, dass die Daten\u00fcbertragung im Internet (z.B. bei der Kommunikation per E-Mail) Sicherheitsl\u00fccken aufweisen kann. Ein l\u00fcckenloser Schutz der Daten vor dem Zugriff durch Dritte ist nicht m\u00f6glich.&lt;<\/p>\n<p><strong>SSL- bzw. TLS-Verschl\u00fcsselung<\/strong><br \/>\nDiese Seite nutzt aus Sicherheitsgr\u00fcnden und zum Schutz der \u00dcbertragung vertraulicher Inhalte, wie zum Beispiel Bestellungen oder Anfragen, die Sie an uns als Seitenbetreiber senden, eine SSL-bzw. TLS-Verschl\u00fcsselung. Eine verschl\u00fcsselte Verbindung erkennen Sie daran, dass die Adresszeile des Browsers von \u201chttp:\/\/\u201d auf \u201chttps:\/\/\u201d wechselt und an dem Schloss-Symbol in Ihrer Browserzeile.<br \/>\nWenn die SSL- bzw. TLS-Verschl\u00fcsselung aktiviert ist, k\u00f6nnen die Daten, die Sie an uns \u00fcbermitteln, nicht von Dritten mitgelesen werden.<\/p>\n<p><strong>Datenerfassung auf unserer Website<\/strong><\/p>\n<p><strong>Verantwortlich f\u00fcr die Datenerfassung auf dieser Website:<\/strong><br \/>\nGolden Retriever Club e.V. &#8211; vertreten durch den 1. Vorsitzenden Martin Kopfer<br \/>\neingetragen beim Amtsgericht Pinneberg, Vereinsregister-Nr.: VR 499iZ<br \/>\n<strong>Gesch\u00e4ftstelle<\/strong><br \/>\nGolden Retriever Club e.V.<br \/>\nSolar A 1, 91161 Hilpoltstein<br \/>\nE-Mail :\u00a0<a href=\"mailto:info@grc.de\">info@grc.de<\/a><\/p>\n<p><strong>Hosting<\/strong><\/p>\n<p>Wir hosten die Inhalte unserer Website bei folgendem Anbieter:<br \/>\nIONOS<br \/>\nAnbieter ist die IONOS SE, Elgendorfer Str. 57, 56410 Montabaur (nachfolgend IONOS). Wenn Sie unsere Website besuchen, erfasst IONOS verschiedene Logfiles inklusive Ihrer IP-Adressen. Details entnehmen Sie der Datenschutzerkl\u00e4rung von IONOS:<br \/>\n<a href=\"https:\/\/www.ionos.de\/terms-gtc\/terms-privacy\" target=\"_blank\" rel=\"noopener\">https:\/\/www.ionos.de\/terms-gtc\/terms-privacy<\/a>.<br \/>\nDie Verwendung von IONOS erfolgt auf Grundlage von Art. 6 Abs. 1 lit. f DSGVO. Wir haben ein berechtigtes Interesse an einer m\u00f6glichst zuverl\u00e4ssigen Darstellung unserer Website. Sofern eine entsprechende Einwilligung abgefragt wurde, erfolgt die Verarbeitung ausschlie\u00dflich auf Grundlage von Art.<br \/>\n6 Abs. 1 lit. a DSGVO und \u00a7 25 Abs. 1 TTDSG, soweit die Einwilligung die Speicherung von Cookies oder den Zugriff auf Informationen im Endger\u00e4t des Nutzers (z. B. Device-Fingerprinting) im Sinne des TTDSG umfasst. Die Einwilligung ist jederzeit widerrufbar.<\/p>\n<p><strong>Auftragsverarbeitung<\/strong><\/p>\n<p>Wir haben einen Vertrag \u00fcber Auftragsverarbeitung (AVV) zur Nutzung des oben genannten Dienstes geschlossen. Hierbei handelt es sich um einen datenschutzrechtlich vorgeschriebenen Vertrag, der gew\u00e4hrleistet, dass dieser die personenbezogenen Daten unserer Websitebesucher nur nach unseren Weisungen und unter Einhaltung der DSGVO verarbeitet.<\/p>\n<p><strong>Wie erfassen wir Ihre Daten?<\/strong><br \/>\nIhre Daten werden zum einen dadurch erhoben, dass Sie uns diese mitteilen. Hierbei kann es sich z.B. um Daten handeln, die Sie in ein Kontak- oder Meldeformular eingeben.<br \/>\nAndere Daten werden automatisch beim Besuch der Website durch unsere IT-Systeme erfasst. Das sind vor allem technische Daten (z.B. Internetbrowser, Betriebssystem oder Uhrzeit des Seitenaufrufs). Die Erfassung dieser Daten erfolgt automatisch, sobald Sie unsere Website betreten.<\/p>\n<p><strong>Wof\u00fcr nutzen wir Ihre Daten?<\/strong><br \/>\nEin Teil der Daten wird erhoben, um eine fehlerfreie Bereitstellung der Website zu gew\u00e4hrleisten. Andere Daten k\u00f6nnen zur Analyse Ihres Nutzerverhaltens verwendet werden.<br \/>\nWelche Rechte haben Sie bez\u00fcglich Ihrer Daten?<br \/>\nSie haben jederzeit das Recht unentgeltlich Auskunft \u00fcber Herkunft, Empf\u00e4nger und Zweck Ihrer gespeicherten personenbezogenen Daten zu erhalten. Sie haben au\u00dferdem ein Recht, die Berichtigung, Sperrung oder L\u00f6schung dieser Daten zu verlangen. Hierzu sowie zu weiteren Fragen zum Thema Datenschutz k\u00f6nnen Sie sich jederzeit unter der im Impressum angegebenen Adresse an uns wenden. Des Weiteren steht Ihnen ein Beschwerderecht bei der zust\u00e4ndigen Aufsichtsbeh\u00f6rde zu.<\/p>\n<p><strong>Cookies<\/strong><br \/>\nDie Internetseiten verwenden teilweise so genannte Cookies. Cookies richten auf Ihrem Rechner keinen Schaden an und enthalten keine Viren. Cookies dienen dazu, unser Angebot nutzerfreundlicher, effektiver und sicherer zu machen. Cookies sind kleine Textdateien, die auf Ihrem Rechner abgelegt werden und die Ihr Browser speichert.<br \/>\nDie meisten der von uns verwendeten Cookies sind so genannte \u201cSession-Cookies\u201d. Sie werden nach Ende Ihres Besuchs automatisch gel\u00f6scht. Andere Cookies bleiben auf Ihrem Endger\u00e4t gespeichert bis Sie diese l\u00f6schen. Diese Cookies erm\u00f6glichen es uns, Ihren Browser beim n\u00e4chsten Besuch wiederzuerkennen.<br \/>\nSie k\u00f6nnen Ihren Browser so einstellen, dass Sie \u00fcber das Setzen von Cookies informiert werden und Cookies nur im Einzelfall erlauben, die Annahme von Cookies f\u00fcr bestimmte F\u00e4lle oder generell ausschlie\u00dfen sowie das automatische L\u00f6schen der Cookies beim Schlie\u00dfen des Browser aktivieren. Bei der Deaktivierung von Cookies kann die Funktionalit\u00e4t dieser Website eingeschr\u00e4nkt sein. Cookies, die zur Durchf\u00fchrung des elektronischen Kommunikationsvorgangs oder zur Bereitstellung bestimmter, von Ihnen erw\u00fcnschter Funktionen (z.B. Warenkorbfunktion) erforderlich sind, werden auf Grundlage von Art. 6 Abs. 1 lit. f DSGVO gespeichert. Der Websitebetreiber hat ein berechtigtes Interesse an der Speicherung von Cookies zur technisch fehlerfreien und optimierten Bereitstellung seiner Dienste. Soweit andere Cookies (z.B. Cookies zur Analyse Ihres Surfverhaltens) gespeichert werden, werden diese in dieser Datenschutzerkl\u00e4rung gesondert behandelt.<\/p>\n<p><strong>Server-Log-Dateien<\/strong><\/p>\n<p>Der Provider der Seiten erhebt und speichert automatisch Informationen in so genannten Server-Log-Dateien, die Ihr Browser automatisch an uns \u00fcbermittelt. Dies sind:<\/p>\n<p>&#8211; Browsertyp und Browserversion<br \/>\n&#8211; verwendetes Betriebssystem<br \/>\n&#8211; Referrer URL<br \/>\n&#8211; Hostname des zugreifenden Rechners<br \/>\n&#8211; Uhrzeit der Serveranfrage<br \/>\n&#8211; IP-Adresse<\/p>\n<p>Eine Zusammenf\u00fchrung dieser Daten mit anderen Datenquellen wird nicht vorgenommen.<br \/>\nGrundlage f\u00fcr die Datenverarbeitung ist Art. 6 Abs. 1 lit. f DSGVO, der die Verarbeitung von Daten zur Erf\u00fcllung eines Vertrags oder vorvertraglicher Ma\u00dfnahmen gestattet.<\/p>\n<p><strong>Kontaktm\u00f6glichkeiten \u00fcber die Internetseite.<\/strong><\/p>\n<p><strong>Melde- und Kontaktformular<\/strong><br \/>\nWenn Sie per E-Mail, \u00fcber unser Kontaktformular oder eines unserer Meldeformulare Anfragen, Mitteilungen, Daten oder Informationen zukommen lassen, werden Ihre Angaben, inklusive der von Ihnen \u00fcbermittelten personenbezogenen Daten, ausschlie\u00dflich gem\u00e4\u00df den Bestimmungen der DSGVO zum Zwecke der Bearbeitung, der Kontaktaufnahme, den Fall von Anschlussfragen und zum Zwecke der Meldung automatisch gespeichert und verarbeitet. Diese Daten geben wir nicht ohne Ihre Einwilligung weiter.<br \/>\nDie Verarbeitung der in das Kontakt- oder Meldformular eingegebenen Daten erfolgt somit ausschlie\u00dflich auf Grundlage Ihrer Einwilligung (Art. 6 Abs. 1 lit. a DSGVO). Sie k\u00f6nnen diese Einwilligung jederzeit widerrufen. Dazu reicht eine formlose Mitteilung per E-Mail an uns. Die Rechtm\u00e4\u00dfigkeit der bis zum Widerruf erfolgten Datenverarbeitungsvorg\u00e4nge bleibt vom Widerruf unber\u00fchrt.<br \/>\nDie von Ihnen \u00fcbermittelten Daten verbleiben bei uns, bis Sie uns zur L\u00f6schung auffordern, Ihre Einwilligung zur Speicherung widerrufen oder der Zweck f\u00fcr die Datenspeicherung entf\u00e4llt (z.B. nach abgeschlossener Bearbeitung Ihrer Anfrage). Zwingende gesetzliche Bestimmungen \u2013 insbesondere Aufbewahrungsfristen \u2013 bleiben unber\u00fchrt.<br \/>\nVerarbeiten von Daten<br \/>\nWir erheben, verarbeiten und nutzen personenbezogene Daten nur, soweit sie f\u00fcr die Begr\u00fcndung, inhaltliche Ausgestaltung oder \u00c4nderung des Rechtsverh\u00e4ltnisses erforderlich sind (Bestandsdaten). Dies erfolgt auf Grundlage von Art. 6 Abs. 1 lit. b DSGVO, der die Verarbeitung von Daten zur Erf\u00fcllung eines Vertrags oder vorvertraglicher Ma\u00dfnahmen gestattet. Personenbezogene Daten \u00fcber die Inanspruchnahme unserer Internetseiten (Nutzungsdaten) erheben, verarbeiten und nutzen wir nur, soweit dies erforderlich ist, um dem Nutzer die Inanspruchnahme des Dienstes zu erm\u00f6glichen.<\/p>\n<p><strong>Speicherdauer<\/strong><br \/>\nWir verarbeiten und speichern Ihre Daten nur so lange, wie dies f\u00fcr die Verarbeitung oder zur Einhaltung gesetzlicher Pflichten erforderlich ist. Nach Wegfall des Verarbeitungszwecks werden Ihre Daten gesperrt oder gel\u00f6scht. Sofern dar\u00fcber hinaus gesetzliche Pflichten zur Speicherung bestehen, sperren oder l\u00f6schen wir Ihre Daten mit Ablauf der gesetzlichen Speicherfristen.<\/p>\n<p><strong>Information \u00fcber Ihrer Datenschutzrechte<\/strong><\/p>\n<p>Unter bestimmten Voraussetzungen k\u00f6nnen Sie uns gegen\u00fcber ihre Datenschutzrechte gem\u00e4\u00df Datenschutz-Grundverordnung (DSGVO) und Bundesdatenschutzgesetz (BDSG) geltend machen.<\/p>\n<ol>\n<li>Sie haben das Recht, von uns AUSKUNFT \u00fcber Ihre bei uns gespeicherten Daten nach den Regeln von Art. 15 DSGVO (ggf. mit Einschr\u00e4nkungen nach \u00a7 34 BDSG ) zu erhalten.<\/li>\n<li>Auf Ihren Antrag hin werden wir die \u00fcber Sie gespeicherten Daten nach Art. 16 DSGVO berichtigen, wenn diese unzutreffend oder fehlerhaft sind.<\/li>\n<li>Wenn Sie es w\u00fcnschen, werden wir ihre Daten nach den Grunds\u00e4tzen von Art. 17 DGVO l\u00f6schen, sofern andere gesetzliche Regelungen (z.B. gesetzliche Aufbewahrungspflichten oder die Einschr\u00e4nkungen nach \u00a7 35 BDSG), die Verfolgung unserer Vereinszwecke oder ein sonstiges \u00fcberwiegendes Interesse unsererseits (z.B. zur Verteidigung unserer Rechte und Anspr\u00fcche) dem nicht entgegenstehen.<\/li>\n<li>Unter Ber\u00fccksichtigung der Voraussetzungen des Art. 18 DGSVO k\u00f6nnen Sie von uns verlangen, die Verarbeitung Ihrer Daten einzuschr\u00e4nken.<\/li>\n<li>Ferner k\u00f6nnen Sie gegen die Verarbeitung Ihrer Daten Widerspruch nach Art. 21 DGVO einlegen, aufgrund dessen wir die Verarbeitung ihrer Daten beenden m\u00fcssen. Dieses Widerspruchsrecht gilt allerdings nur bei Vorliegen ganz besonderer Umst\u00e4nde ihrer pers\u00f6nlichen Situation, wobei der Vereinszweck oder Rechte des Vereins ihrem Widerspruchsrecht ggf. entgegenstehen k\u00f6nnen.<\/li>\n<li>Auch haben Sie das Recht, Ihre Daten unter den Voraussetzungen von Art. 20 DSGVO in einem strukturierten, g\u00e4ngigen und maschinenlesbaren Format zu erhalten oder sie einem Dritten zu \u00fcbermitteln.<\/li>\n<li>Dar\u00fcber hinaus haben Sie das Recht, eine erteilte Einwilligung in die Verarbeitung personenbezogener Daten jederzeit uns gegen\u00fcber mit Wirkung f\u00fcr die Zukunft zu widerrufen.<\/li>\n<li>Ferner steht Ihnen ein Beschwerderecht bei einer Datenschutzaufsichtsbeh\u00f6rde zu (Art. 77 DGVO). Wir empfehlen allerdings, eine Beschwerde zun\u00e4chst immer an unsere Gesch\u00e4ftsstelle zu richten.<\/li>\n<li>Ihre Antr\u00e4ge \u00fcber die Aus\u00fcbung Ihrer Rechte sind nach M\u00f6glichkeit schriftlich oder per e-mail \u00fcber die Gesch\u00e4ftsstelle des Vereins an den Vorstand zu richten.<\/li>\n<\/ol>\n<p style=\"text-align: left;\"><strong><br \/>\nPlugins und Tools<\/strong><\/p>\n<p style=\"text-align: left;\"><strong><br \/>\n<\/strong><strong>Google Maps<\/strong><br \/>\nDiese Seite nutzt \u00fcber eine API den Kartendienst Google Maps. Anbieter ist die Google Inc., 1600 Amphitheatre Parkway, Mountain View, CA 94043, USA.<br \/>\nZur Nutzung der Funktionen von Google Maps ist es notwendig, Ihre IP Adresse zu speichern. Diese Informationen werden in der Regel an einen Server von Google in den USA \u00fcbertragen und dort gespeichert. Der Anbieter dieser Seite hat keinen Einfluss auf diese Daten\u00fcbertragung.<br \/>\nDie Nutzung von Google Maps erfolgt im Interesse einer ansprechenden Darstellung unserer Online-Angebote und an einer leichten Auffindbarkeit der von uns auf der Website angegebenen Orte. Dies stellt ein berechtigtes Interesse im Sinne von Art. 6 Abs. 1 lit. f DSGVO dar.<br \/>\nMehr Informationen zum Umgang mit Nutzerdaten finden Sie in der Datenschutzerkl\u00e4rung von Google: https:\/\/www.google.de\/intl\/de\/policies\/privacy\/.<\/p>\n<div id=\"sdfootnote1\"><\/div>\n","protected":false},"excerpt":{"rendered":"<p>Datenschutzerkl\u00e4rung Wir freuen uns sehr \u00fcber Ihr Interesse an unserem Verein. Datenschutz und Datensicherheit hat f\u00fcr uns einen besonders hohen Stellenwert. Wir behandeln Ihre personenbezogenen Daten vertraulich und entsprechend der gesetzlichen Datenschutzvorschriften sowie dieser Datenschutzerkl\u00e4rung. Wenn Sie unsere Website benutzen, werden verschiedene personenbezogene Daten erhoben. Personenbezogene Daten sind Daten, mit denen Sie pers\u00f6nlich identifiziert werden [&hellip;]<\/p>\n","protected":false},"author":9,"featured_media":0,"parent":0,"menu_order":0,"comment_status":"closed","ping_status":"closed","template":"","meta":{"footnotes":""},"class_list":["post-5776","page","type-page","status-publish","hentry"],"yoast_head":"<!-- This site is optimized with the Yoast SEO plugin v27.2 - https:\/\/yoast.com\/product\/yoast-seo-wordpress\/ -->\n<title>Datenschutz - Golden Retriever Club e.V. | GRC<\/title>\n<meta name=\"robots\" content=\"index, follow, max-snippet:-1, max-image-preview:large, max-video-preview:-1\" \/>\n<link rel=\"canonical\" href=\"https:\/\/www.grc.de\/wp\/datenschutz\/\" \/>\n<meta property=\"og:locale\" content=\"de_DE\" \/>\n<meta property=\"og:type\" content=\"article\" \/>\n<meta property=\"og:title\" content=\"Datenschutz - Golden Retriever Club e.V. | GRC\" \/>\n<meta property=\"og:description\" content=\"Datenschutzerkl\u00e4rung Wir freuen uns sehr \u00fcber Ihr Interesse an unserem Verein. Datenschutz und Datensicherheit hat f\u00fcr uns einen besonders hohen Stellenwert. Wir behandeln Ihre personenbezogenen Daten vertraulich und entsprechend der gesetzlichen Datenschutzvorschriften sowie dieser Datenschutzerkl\u00e4rung. Wenn Sie unsere Website benutzen, werden verschiedene personenbezogene Daten erhoben. Personenbezogene Daten sind Daten, mit denen Sie pers\u00f6nlich identifiziert werden [&hellip;]\" \/>\n<meta property=\"og:url\" content=\"https:\/\/www.grc.de\/wp\/datenschutz\/\" \/>\n<meta property=\"og:site_name\" content=\"Golden Retriever Club e.V. | GRC\" \/>\n<meta property=\"article:publisher\" content=\"https:\/\/business.facebook.com\/grcgoldenretrieverclub\" \/>\n<meta property=\"article:modified_time\" content=\"2024-06-29T16:46:08+00:00\" \/>\n<meta property=\"og:image\" content=\"https:\/\/www.grc.de\/wp\/wp-content\/uploads\/2023\/06\/grc-1a.jpg\" \/>\n\t<meta property=\"og:image:width\" content=\"1013\" \/>\n\t<meta property=\"og:image:height\" content=\"675\" \/>\n\t<meta property=\"og:image:type\" content=\"image\/jpeg\" \/>\n<meta name=\"twitter:card\" content=\"summary_large_image\" \/>\n<meta name=\"twitter:label1\" content=\"Gesch\u00e4tzte Lesezeit\" \/>\n\t<meta name=\"twitter:data1\" content=\"8\u00a0Minuten\" \/>\n<script type=\"application\/ld+json\" class=\"yoast-schema-graph\">{\"@context\":\"https:\/\/schema.org\",\"@graph\":[{\"@type\":\"WebPage\",\"@id\":\"https:\/\/www.grc.de\/wp\/datenschutz\/\",\"url\":\"https:\/\/www.grc.de\/wp\/datenschutz\/\",\"name\":\"Datenschutz - Golden Retriever Club e.V. | GRC\",\"isPartOf\":{\"@id\":\"https:\/\/www.grc.de\/wp\/#website\"},\"datePublished\":\"2018-05-25T00:00:47+00:00\",\"dateModified\":\"2024-06-29T16:46:08+00:00\",\"breadcrumb\":{\"@id\":\"https:\/\/www.grc.de\/wp\/datenschutz\/#breadcrumb\"},\"inLanguage\":\"de\",\"potentialAction\":[{\"@type\":\"ReadAction\",\"target\":[\"https:\/\/www.grc.de\/wp\/datenschutz\/\"]}]},{\"@type\":\"BreadcrumbList\",\"@id\":\"https:\/\/www.grc.de\/wp\/datenschutz\/#breadcrumb\",\"itemListElement\":[{\"@type\":\"ListItem\",\"position\":1,\"name\":\"Startseite\",\"item\":\"https:\/\/www.grc.de\/wp\/golden-retriever-club\/\"},{\"@type\":\"ListItem\",\"position\":2,\"name\":\"Datenschutz\"}]},{\"@type\":\"WebSite\",\"@id\":\"https:\/\/www.grc.de\/wp\/#website\",\"url\":\"https:\/\/www.grc.de\/wp\/\",\"name\":\"Golden Retriever Club e.V. | GRC\",\"description\":\"Golden Retriever Rassezuchtverein - Mitglied im Verband f\u00fcr das Deutsche Hundewesen (VDH) und der F\u00e9d\u00e9ration Cynologique Internationale (FCI).\",\"publisher\":{\"@id\":\"https:\/\/www.grc.de\/wp\/#organization\"},\"alternateName\":\"GRC\",\"potentialAction\":[{\"@type\":\"SearchAction\",\"target\":{\"@type\":\"EntryPoint\",\"urlTemplate\":\"https:\/\/www.grc.de\/wp\/?s={search_term_string}\"},\"query-input\":{\"@type\":\"PropertyValueSpecification\",\"valueRequired\":true,\"valueName\":\"search_term_string\"}}],\"inLanguage\":\"de\"},{\"@type\":\"Organization\",\"@id\":\"https:\/\/www.grc.de\/wp\/#organization\",\"name\":\"Golden Retriever Club e.V. | GRC\",\"url\":\"https:\/\/www.grc.de\/wp\/\",\"logo\":{\"@type\":\"ImageObject\",\"inLanguage\":\"de\",\"@id\":\"https:\/\/www.grc.de\/wp\/#\/schema\/logo\/image\/\",\"url\":\"https:\/\/www.grc.de\/wp\/wp-content\/uploads\/2015\/06\/GRC-Logo.png\",\"contentUrl\":\"https:\/\/www.grc.de\/wp\/wp-content\/uploads\/2015\/06\/GRC-Logo.png\",\"width\":167,\"height\":168,\"caption\":\"Golden Retriever Club e.V. | GRC\"},\"image\":{\"@id\":\"https:\/\/www.grc.de\/wp\/#\/schema\/logo\/image\/\"},\"sameAs\":[\"https:\/\/business.facebook.com\/grcgoldenretrieverclub\"]}]}<\/script>\n<!-- \/ Yoast SEO plugin. -->","yoast_head_json":{"title":"Datenschutz - Golden Retriever Club e.V. | GRC","robots":{"index":"index","follow":"follow","max-snippet":"max-snippet:-1","max-image-preview":"max-image-preview:large","max-video-preview":"max-video-preview:-1"},"canonical":"https:\/\/www.grc.de\/wp\/datenschutz\/","og_locale":"de_DE","og_type":"article","og_title":"Datenschutz - Golden Retriever Club e.V. | GRC","og_description":"Datenschutzerkl\u00e4rung Wir freuen uns sehr \u00fcber Ihr Interesse an unserem Verein. Datenschutz und Datensicherheit hat f\u00fcr uns einen besonders hohen Stellenwert. Wir behandeln Ihre personenbezogenen Daten vertraulich und entsprechend der gesetzlichen Datenschutzvorschriften sowie dieser Datenschutzerkl\u00e4rung. Wenn Sie unsere Website benutzen, werden verschiedene personenbezogene Daten erhoben. Personenbezogene Daten sind Daten, mit denen Sie pers\u00f6nlich identifiziert werden [&hellip;]","og_url":"https:\/\/www.grc.de\/wp\/datenschutz\/","og_site_name":"Golden Retriever Club e.V. | GRC","article_publisher":"https:\/\/business.facebook.com\/grcgoldenretrieverclub","article_modified_time":"2024-06-29T16:46:08+00:00","og_image":[{"width":1013,"height":675,"url":"https:\/\/www.grc.de\/wp\/wp-content\/uploads\/2023\/06\/grc-1a.jpg","type":"image\/jpeg"}],"twitter_card":"summary_large_image","twitter_misc":{"Gesch\u00e4tzte Lesezeit":"8\u00a0Minuten"},"schema":{"@context":"https:\/\/schema.org","@graph":[{"@type":"WebPage","@id":"https:\/\/www.grc.de\/wp\/datenschutz\/","url":"https:\/\/www.grc.de\/wp\/datenschutz\/","name":"Datenschutz - Golden Retriever Club e.V. | GRC","isPartOf":{"@id":"https:\/\/www.grc.de\/wp\/#website"},"datePublished":"2018-05-25T00:00:47+00:00","dateModified":"2024-06-29T16:46:08+00:00","breadcrumb":{"@id":"https:\/\/www.grc.de\/wp\/datenschutz\/#breadcrumb"},"inLanguage":"de","potentialAction":[{"@type":"ReadAction","target":["https:\/\/www.grc.de\/wp\/datenschutz\/"]}]},{"@type":"BreadcrumbList","@id":"https:\/\/www.grc.de\/wp\/datenschutz\/#breadcrumb","itemListElement":[{"@type":"ListItem","position":1,"name":"Startseite","item":"https:\/\/www.grc.de\/wp\/golden-retriever-club\/"},{"@type":"ListItem","position":2,"name":"Datenschutz"}]},{"@type":"WebSite","@id":"https:\/\/www.grc.de\/wp\/#website","url":"https:\/\/www.grc.de\/wp\/","name":"Golden Retriever Club e.V. | GRC","description":"Golden Retriever Rassezuchtverein - Mitglied im Verband f\u00fcr das Deutsche Hundewesen (VDH) und der F\u00e9d\u00e9ration Cynologique Internationale (FCI).","publisher":{"@id":"https:\/\/www.grc.de\/wp\/#organization"},"alternateName":"GRC","potentialAction":[{"@type":"SearchAction","target":{"@type":"EntryPoint","urlTemplate":"https:\/\/www.grc.de\/wp\/?s={search_term_string}"},"query-input":{"@type":"PropertyValueSpecification","valueRequired":true,"valueName":"search_term_string"}}],"inLanguage":"de"},{"@type":"Organization","@id":"https:\/\/www.grc.de\/wp\/#organization","name":"Golden Retriever Club e.V. | GRC","url":"https:\/\/www.grc.de\/wp\/","logo":{"@type":"ImageObject","inLanguage":"de","@id":"https:\/\/www.grc.de\/wp\/#\/schema\/logo\/image\/","url":"https:\/\/www.grc.de\/wp\/wp-content\/uploads\/2015\/06\/GRC-Logo.png","contentUrl":"https:\/\/www.grc.de\/wp\/wp-content\/uploads\/2015\/06\/GRC-Logo.png","width":167,"height":168,"caption":"Golden Retriever Club e.V. | GRC"},"image":{"@id":"https:\/\/www.grc.de\/wp\/#\/schema\/logo\/image\/"},"sameAs":["https:\/\/business.facebook.com\/grcgoldenretrieverclub"]}]}},"_links":{"self":[{"href":"https:\/\/www.grc.de\/wp\/wp-json\/wp\/v2\/pages\/5776","targetHints":{"allow":["GET"]}}],"collection":[{"href":"https:\/\/www.grc.de\/wp\/wp-json\/wp\/v2\/pages"}],"about":[{"href":"https:\/\/www.grc.de\/wp\/wp-json\/wp\/v2\/types\/page"}],"author":[{"embeddable":true,"href":"https:\/\/www.grc.de\/wp\/wp-json\/wp\/v2\/users\/9"}],"replies":[{"embeddable":true,"href":"https:\/\/www.grc.de\/wp\/wp-json\/wp\/v2\/comments?post=5776"}],"version-history":[{"count":16,"href":"https:\/\/www.grc.de\/wp\/wp-json\/wp\/v2\/pages\/5776\/revisions"}],"predecessor-version":[{"id":37721,"href":"https:\/\/www.grc.de\/wp\/wp-json\/wp\/v2\/pages\/5776\/revisions\/37721"}],"wp:attachment":[{"href":"https:\/\/www.grc.de\/wp\/wp-json\/wp\/v2\/media?parent=5776"}],"curies":[{"name":"wp","href":"https:\/\/api.w.org\/{rel}","templated":true}]}}