{"id":627,"date":"2015-06-23T12:14:23","date_gmt":"2015-06-23T10:14:23","guid":{"rendered":"https:\/\/www.grc.de\/wp\/?page_id=627"},"modified":"2023-03-08T10:16:24","modified_gmt":"2023-03-08T09:16:24","slug":"gesundheitsfonds","status":"publish","type":"page","link":"https:\/\/www.grc.de\/wp\/gesundheitsfonds\/","title":{"rendered":"Gesundheitsfonds"},"content":{"rendered":"<div id='full_slider_1'  class='avia-fullwidth-slider main_color avia-shadow   avia-builder-el-0  el_before_av_heading  avia-builder-el-first   container_wrap fullsize'  ><div  class='avia-slideshow av-ksymqzgf-b9493bc8f06e32fddebc8491d7916e1a avia-slideshow-no scaling av_slideshow_full avia-slide-slider av-slideshow-ui av-control-default av-slideshow-manual av-loop-once av-loop-manual-endless av-default-height-applied   avia-slideshow-1' data-slideshow-options=\"{&quot;animation&quot;:&quot;slide&quot;,&quot;autoplay&quot;:false,&quot;loop_autoplay&quot;:&quot;once&quot;,&quot;interval&quot;:5,&quot;loop_manual&quot;:&quot;manual-endless&quot;,&quot;autoplay_stopper&quot;:false,&quot;noNavigation&quot;:false,&quot;bg_slider&quot;:false,&quot;keep_padding&quot;:false,&quot;hoverpause&quot;:false,&quot;show_slide_delay&quot;:0}\"  itemprop=\"image\" itemscope=\"itemscope\" itemtype=\"https:\/\/schema.org\/ImageObject\" ><ul class='avia-slideshow-inner ' style='padding-bottom: 25%;'><li  class='avia-slideshow-slide av-ksymqzgf-b9493bc8f06e32fddebc8491d7916e1a__0  av-single-slide slide-1 slide-odd'><div data-rel='slideshow-1' class='avia-slide-wrap '   ><img decoding=\"async\" class=\"wp-image-10652 avia-img-lazy-loading-not-10652\"  src=\"https:\/\/www.grc.de\/wp\/wp-content\/uploads\/2021\/09\/grc-23.jpg\" width=\"1920\" height=\"480\" title='Golden Retriever Gesundheit' alt='Golden Retriever Gesundheit'  itemprop=\"thumbnailUrl\" srcset=\"https:\/\/www.grc.de\/wp\/wp-content\/uploads\/2021\/09\/grc-23.jpg 1920w, https:\/\/www.grc.de\/wp\/wp-content\/uploads\/2021\/09\/grc-23-400x100.jpg 400w, https:\/\/www.grc.de\/wp\/wp-content\/uploads\/2021\/09\/grc-23-1030x258.jpg 1030w, https:\/\/www.grc.de\/wp\/wp-content\/uploads\/2021\/09\/grc-23-80x20.jpg 80w, https:\/\/www.grc.de\/wp\/wp-content\/uploads\/2021\/09\/grc-23-768x192.jpg 768w, https:\/\/www.grc.de\/wp\/wp-content\/uploads\/2021\/09\/grc-23-1536x384.jpg 1536w, https:\/\/www.grc.de\/wp\/wp-content\/uploads\/2021\/09\/grc-23-1500x375.jpg 1500w, https:\/\/www.grc.de\/wp\/wp-content\/uploads\/2021\/09\/grc-23-705x176.jpg 705w\" sizes=\"(max-width: 1920px) 100vw, 1920px\" \/><\/div><\/li><\/ul><\/div><\/div><div id='after_full_slider_1'  class='main_color av_default_container_wrap container_wrap fullsize'  ><div class='container av-section-cont-open' ><div class='template-page content  av-content-full alpha units'><div class='post-entry post-entry-type-page post-entry-627'><div class='entry-content-wrapper clearfix'>\n\n<style type=\"text\/css\" data-created_by=\"avia_inline_auto\" id=\"style-css-av-ksymr6xp-4ce60d537f1618d723389d16c91d29d5\">\n#top .av-special-heading.av-ksymr6xp-4ce60d537f1618d723389d16c91d29d5{\npadding-bottom:10px;\n}\nbody .av-special-heading.av-ksymr6xp-4ce60d537f1618d723389d16c91d29d5 .av-special-heading-tag .heading-char{\nfont-size:25px;\n}\n.av-special-heading.av-ksymr6xp-4ce60d537f1618d723389d16c91d29d5 .av-subheading{\nfont-size:15px;\n}\n<\/style>\n<div  class='av-special-heading av-ksymr6xp-4ce60d537f1618d723389d16c91d29d5 av-special-heading-h1 blockquote elegant-quote elegant-centered  avia-builder-el-1  el_after_av_slideshow_full  el_before_av_hr  avia-builder-el-first '><h1 class='av-special-heading-tag'  itemprop=\"headline\"  ><span class=\"heading-wrap\">Gesundheitsfonds<\/span><\/h1><div class=\"special-heading-border\"><div class=\"special-heading-inner-border\"><\/div><\/div><\/div>\n\n<style type=\"text\/css\" data-created_by=\"avia_inline_auto\" id=\"style-css-av-k62ln-43d87176174ad340b506b85760f07231\">\n#top .hr.hr-invisible.av-k62ln-43d87176174ad340b506b85760f07231{\nheight:30px;\n}\n<\/style>\n<div  class='hr av-k62ln-43d87176174ad340b506b85760f07231 hr-invisible  avia-builder-el-2  el_after_av_heading  el_before_av_textblock '><span class='hr-inner '><span class=\"hr-inner-style\"><\/span><\/span><\/div>\n<section  class='av_textblock_section av-ksymrr76-07d7a6d8c9eca51164192d24f7639dde'  itemscope=\"itemscope\" itemtype=\"https:\/\/schema.org\/CreativeWork\" ><div class='avia_textblock'  itemprop=\"text\" ><p>Die Gesundheit der Hunde hat im GRC neben dem Wesen den h\u00f6chsten Stellenwert und spielt auch in der Zucht eine entscheidende Rolle.<\/p>\n<p>Auch der Golden Retriever ist nicht frei von erblich bedingten Erkrankungen, welche es durch strenge Zuchtauflagen zu bek\u00e4mpfen gilt. Bei der angestrebten Bek\u00e4mpfung ist allerdings als ein nicht unwichtiges Kriterium zu ber\u00fccksichtigen, dass einige Erbkrankheiten nicht einfach nachzuvollziehen sind und auch die Umweltfaktoren eine wichtige Rolle dabei spielen k\u00f6nnen, wie z. B. bei H\u00fcftgelenk- und Ellbogendysplasien (HD, ED), Herzerkrankungen und Epilepsie.<\/p>\n<p>Hier dient die Zuchtwertsch\u00e4tzung als eine Methode zur Absch\u00e4tzung genetischer Belastungen, welche den Z\u00fcchtern eine geeignete Hilfe bei der Wurfplanung bietet.<\/p>\n<\/div><\/section>\n\n<style type=\"text\/css\" data-created_by=\"avia_inline_auto\" id=\"style-css-av-h08lv-7a180facdd75e249085c560417ad5221\">\n#top .hr.av-h08lv-7a180facdd75e249085c560417ad5221{\nmargin-top:30px;\nmargin-bottom:30px;\n}\n.hr.av-h08lv-7a180facdd75e249085c560417ad5221 .hr-inner{\nwidth:150px;\nmax-width:45%;\n}\n<\/style>\n<div  class='hr av-h08lv-7a180facdd75e249085c560417ad5221 hr-custom  avia-builder-el-4  el_after_av_textblock  el_before_av_textblock  hr-center hr-icon-yes'><span class='hr-inner inner-border-av-border-thin'><span class=\"hr-inner-style\"><\/span><\/span><span class='av-seperator-icon' aria-hidden='true' data-av_icon='\ue8bd' data-av_iconfont='entypo-fontello'><\/span><span class='hr-inner inner-border-av-border-thin'><span class=\"hr-inner-style\"><\/span><\/span><\/div>\n<section  class='av_textblock_section av-ksyms8cg-6c5add2ff461e5733056a58bb380cd8b'  itemscope=\"itemscope\" itemtype=\"https:\/\/schema.org\/CreativeWork\" ><div class='avia_textblock'  itemprop=\"text\" ><p><strong>Der GRC Gesundheitsfonds zur Bek\u00e4mpfung erblicher Krankheiten<br \/>\n<\/strong>Der GRC verf\u00fcgt \u00fcber einen Gesundheitsfonds, der f\u00fcr die Bek\u00e4mpfung erblicher Krankheiten wie Epilepsie, Herzerkrankungen und andere erbliche Erkrankungen ins Leben gerufen wurde.<\/p>\n<p>Dieser Fonds dient dazu, dass betroffenen GRC Mitgliedern, deren im GRC gez\u00fcchteter Hund an einer erblichen Erkrankung leidet, ein Teil ihrer Untersuchungskosten, welche f\u00fcr die Diagnosestellung erforderlich sind, auf Antrag beim Hauptzuchtwart erstattet werden kann. Die Erstattung ist nicht unerheblich, immerhin \u00fcbernimmt der GRC bis zu 50% (max. 400 EUR pro Hund) der Untersuchungskosten. Der Antrag ist entsprechend \u00a710 der GRC Zuchtordnung formlos unter Hinzuf\u00fcgung der erforderlichen Belege beim Hauptzuchtwart einzureichen.<\/p>\n<\/div><\/section>\n\n<style type=\"text\/css\" data-created_by=\"avia_inline_auto\" id=\"style-css-av-6wpez-145dafcb870e95e27afd1a3ca28e9826\">\n#top .hr.av-6wpez-145dafcb870e95e27afd1a3ca28e9826{\nmargin-top:30px;\nmargin-bottom:30px;\n}\n.hr.av-6wpez-145dafcb870e95e27afd1a3ca28e9826 .hr-inner{\nwidth:150px;\nmax-width:45%;\n}\n<\/style>\n<div  class='hr av-6wpez-145dafcb870e95e27afd1a3ca28e9826 hr-custom  avia-builder-el-6  el_after_av_textblock  el_before_av_toggle_container  hr-center hr-icon-yes'><span class='hr-inner inner-border-av-border-thin'><span class=\"hr-inner-style\"><\/span><\/span><span class='av-seperator-icon' aria-hidden='true' data-av_icon='\ue8bd' data-av_iconfont='entypo-fontello'><\/span><span class='hr-inner inner-border-av-border-thin'><span class=\"hr-inner-style\"><\/span><\/span><\/div>\n\n<style type=\"text\/css\" data-created_by=\"avia_inline_auto\" id=\"style-css-av-lezgtlac-d5e5fe10d8c4fa45b8d8fd0dca95673a\">\n#top .togglecontainer.av-lezgtlac-d5e5fe10d8c4fa45b8d8fd0dca95673a h5.toggler.activeTitle{\ncolor:#ffffff;\nborder-color:#ffffff;\n}\n#top .togglecontainer.av-lezgtlac-d5e5fe10d8c4fa45b8d8fd0dca95673a h5.toggler.activeTitle .toggle_icon, #top .togglecontainer.av-lezgtlac-d5e5fe10d8c4fa45b8d8fd0dca95673a p.toggler.activeTitle .toggle_icon > span{\ncolor:#ffffff;\nborder-color:#ffffff;\n}\n<\/style>\n<div  class='togglecontainer av-lezgtlac-d5e5fe10d8c4fa45b8d8fd0dca95673a  avia-builder-el-7  el_after_av_hr  avia-builder-el-last  toggle_close_all hasCurrentStyle' >\n<section class='av_toggle_section av-av_toggle-823bdeb115b5b0e4822818604dbdb73a'  itemscope=\"itemscope\" itemtype=\"https:\/\/schema.org\/CreativeWork\" ><div role=\"tablist\" class=\"single_toggle\" data-tags=\"{Alle} \"  ><h5 data-fake-id='#toggle-id-1' class='toggler   '  itemprop=\"headline\"  role='tab' tabindex='0' aria-controls='toggle-id-1'>H\u00fcftgelenksdysplasie (HD) und Ellbogendysplasie (ED)<span class=\"toggle_icon\"><span class=\"vert_icon\"><\/span><span class=\"hor_icon\"><\/span><\/span><\/h5><div id='toggle-id-1' class='toggle_wrap  '  ><div class='toggle_content invers-color '  itemprop=\"text\" ><p>Gerade im ersten Lebensjahr eines Golden Retrievers, der haupts\u00e4chlichen Wachstumsphase, spielen oftmals auch eine falsche Ern\u00e4hrung und eine falsche Haltung (Treppensteigen, Fahrrad fahren, \u00fcberm\u00e4\u00dfige Belastung etc.) eine nicht unerhebliche Rolle bei der Ausbildung der Gelenke und der Knochenstrukturen. Diese negativen Faktoren k\u00f6nnen durchaus Einfluss auf das Untersuchungsergebnis von HD und ED haben.<\/p>\n<p>Lassen Sie sich von Ihrem Z\u00fcchter beraten, wie Sie Ihren Hund gerade in der Wachstumphase im ersten Lebensjahr optimal ern\u00e4hren und halten k\u00f6nnen.<\/p>\n<\/div><\/div><\/div><\/section>\n<section class='av_toggle_section av-av_toggle-0a0db18ff7fdea439a4781a09ae98c69'  itemscope=\"itemscope\" itemtype=\"https:\/\/schema.org\/CreativeWork\" ><div role=\"tablist\" class=\"single_toggle\" data-tags=\"{Alle} \"  ><h5 data-fake-id='#toggle-id-2' class='toggler   '  itemprop=\"headline\"  role='tab' tabindex='0' aria-controls='toggle-id-2'>Herzerkrankungen<span class=\"toggle_icon\"><span class=\"vert_icon\"><\/span><span class=\"hor_icon\"><\/span><\/span><\/h5><div id='toggle-id-2' class='toggle_wrap  '  ><div class='toggle_content invers-color '  itemprop=\"text\" ><p>Bei Herzerkrankungen unterscheidet man ebenfalls zwischen einer erblichen und einer erworbenen Form:<\/p>\n<ol>\n<li>zu der erblichen Form geh\u00f6ren: Aortenstenose, <span lang=\"DE\" xml:lang=\"DE\">Pulmonalstenose, <\/span><span lang=\"DE\" xml:lang=\"DE\">Ventrikelseptumdefekt, <\/span><span lang=\"DE\" xml:lang=\"DE\">Persistierender Ductus arteriosus Botalli, Tri<\/span><span lang=\"DE\" xml:lang=\"DE\">kuspidaldysplasie<\/span><\/li>\n<li>zu der erworbenen Form geh\u00f6ren: <span lang=\"DE\" xml:lang=\"DE\">Mitralklappenendokardiose, <\/span><span lang=\"DE\" xml:lang=\"DE\">Dilatative Kardiomyopathie, <\/span><span lang=\"DE\" xml:lang=\"DE\">Perikarderguss, <\/span><span lang=\"DE\" xml:lang=\"DE\">Herzneoplasie<\/span><\/li>\n<\/ol>\n<p>All diesen Formen der Herzerkrankung ist gemeinsam, dass sie langfristig das Symptom Herzinsuffizienz hervorrufen, auch wenn dies oft unauff\u00e4llig und anfangs sogar unerkannt verlaufen kann. Daher ist es wichtig, Herzerkrankungen sowie die Anzeichen einer beginnenden Herzinsuffizienz m\u00f6glichst fr\u00fch zu erkennen und zu behandeln. Ist wie in den meisten F\u00e4llen eine \u00e4tiologische Behandlung nicht m\u00f6glich, muss die Herzinsuffizienz behandelt werden, um den progressiven Verlauf zu verlangsamen, die Lebensqualit\u00e4t des Patienten zu verbessern bzw. zu erhalten und seine \u00dcberlebenszeit zu verl\u00e4ngern. F\u00fcr Golden Retriever besteht die M\u00f6glichkeit, eine kardiologische Untersuchung von Spezialisten durchf\u00fchren zu lassen.<br \/>\nEine Liste der anerkannten Untersucher f\u00fchrt das <strong><a href=\"http:\/\/www.collegium-cardiologicum.de\" target=\"_blank\" rel=\"noopener\">Collegium Cardiologicum e.V.<\/a><\/strong> &#8211; Tier\u00e4rztliche Gesellschaft f\u00fcr Diagnostik erblicher Herzerkrankungen<\/p>\n<\/div><\/div><\/div><\/section>\n<section class='av_toggle_section av-av_toggle-497f7b7ed39f3a67e425eaf8288aa0a4'  itemscope=\"itemscope\" itemtype=\"https:\/\/schema.org\/CreativeWork\" ><div role=\"tablist\" class=\"single_toggle\" data-tags=\"{Alle} \"  ><h5 data-fake-id='#toggle-id-3' class='toggler   '  itemprop=\"headline\"  role='tab' tabindex='0' aria-controls='toggle-id-3'>Epilepsie<span class=\"toggle_icon\"><span class=\"vert_icon\"><\/span><span class=\"hor_icon\"><\/span><\/span><\/h5><div id='toggle-id-3' class='toggle_wrap  '  ><div class='toggle_content invers-color '  itemprop=\"text\" ><p>Epilepsie ist eine neurologische Erkrankung, bei der das Gehirn eine \u00fcberm\u00e4\u00dfige Aktivit\u00e4t von Nervenzellen produziert, wodurch es schlie\u00dflich zu Krampfanf\u00e4llen kommt. Es ist aber zwischen den zwei Formen der Epilepsie zu unterscheiden:<\/p>\n<ol>\n<li>die prim\u00e4re (idiopathische) Epilepsie: diese Form der Epilepsie ist nachweislich eine Erbkrankheit, deren Symptome (Krampfanf\u00e4lle) i. d. R. im Alter zwischen 2 &#8211; 5 Jahren auftreten. Hunde, bei denen die prim\u00e4re Epilepsie diagnostiziert wird, sind von der Zucht auszuschlie\u00dfen.<\/li>\n<li>die sekund\u00e4re (symptomatische) Epilepsie: diese Form ist eine Folgeerscheinung vorhergehender Erkrankungen, z. B. innerer Erkrankungen, St\u00f6rungen im Elektrolythaushalt, Gehirnerkrankungen (Tumore, Entz\u00fcndungen etc.), Viruserkrankungen. Die Symptome k\u00f6nnen in jedem Lebensalter auftreten.<\/li>\n<\/ol>\n<p>Der Nachweis der prim\u00e4ren, also erblich bedingten Epilepsie, kann derzeit noch nicht direkt nachgewiesen werden, eine endg\u00fcltige Diagnose kann nur in Universit\u00e4tskliniken oder von Fachtier\u00e4rzten f\u00fcr Neurologie durch ein Ausschlussverfahren gestellt werden.<\/p>\n<\/div><\/div><\/div><\/section>\n<\/div>\n","protected":false},"excerpt":{"rendered":"","protected":false},"author":13,"featured_media":0,"parent":0,"menu_order":0,"comment_status":"closed","ping_status":"closed","template":"","meta":{"footnotes":""},"class_list":["post-627","page","type-page","status-publish","hentry"],"yoast_head":"<!-- This site is optimized with the Yoast SEO plugin v27.2 - https:\/\/yoast.com\/product\/yoast-seo-wordpress\/ -->\n<title>Gesundheitsfonds - Golden Retriever Club e.V. | GRC<\/title>\n<meta name=\"robots\" content=\"index, follow, max-snippet:-1, max-image-preview:large, max-video-preview:-1\" \/>\n<link rel=\"canonical\" href=\"https:\/\/www.grc.de\/wp\/gesundheitsfonds\/\" \/>\n<meta property=\"og:locale\" content=\"de_DE\" \/>\n<meta property=\"og:type\" content=\"article\" \/>\n<meta property=\"og:title\" content=\"Gesundheitsfonds - Golden Retriever Club e.V. | GRC\" \/>\n<meta property=\"og:url\" content=\"https:\/\/www.grc.de\/wp\/gesundheitsfonds\/\" \/>\n<meta property=\"og:site_name\" content=\"Golden Retriever Club e.V. | GRC\" \/>\n<meta property=\"article:publisher\" content=\"https:\/\/business.facebook.com\/grcgoldenretrieverclub\" \/>\n<meta property=\"article:modified_time\" content=\"2023-03-08T09:16:24+00:00\" \/>\n<meta property=\"og:image\" content=\"https:\/\/www.grc.de\/wp\/wp-content\/uploads\/2023\/06\/grc-1a.jpg\" \/>\n\t<meta property=\"og:image:width\" content=\"1013\" \/>\n\t<meta property=\"og:image:height\" content=\"675\" \/>\n\t<meta property=\"og:image:type\" content=\"image\/jpeg\" \/>\n<meta name=\"twitter:card\" content=\"summary_large_image\" \/>\n<meta name=\"twitter:label1\" content=\"Gesch\u00e4tzte Lesezeit\" \/>\n\t<meta name=\"twitter:data1\" content=\"6\u00a0Minuten\" \/>\n<script type=\"application\/ld+json\" class=\"yoast-schema-graph\">{\"@context\":\"https:\/\/schema.org\",\"@graph\":[{\"@type\":\"WebPage\",\"@id\":\"https:\/\/www.grc.de\/wp\/gesundheitsfonds\/\",\"url\":\"https:\/\/www.grc.de\/wp\/gesundheitsfonds\/\",\"name\":\"Gesundheitsfonds - Golden Retriever Club e.V. | GRC\",\"isPartOf\":{\"@id\":\"https:\/\/www.grc.de\/wp\/#website\"},\"datePublished\":\"2015-06-23T10:14:23+00:00\",\"dateModified\":\"2023-03-08T09:16:24+00:00\",\"breadcrumb\":{\"@id\":\"https:\/\/www.grc.de\/wp\/gesundheitsfonds\/#breadcrumb\"},\"inLanguage\":\"de\",\"potentialAction\":[{\"@type\":\"ReadAction\",\"target\":[\"https:\/\/www.grc.de\/wp\/gesundheitsfonds\/\"]}]},{\"@type\":\"BreadcrumbList\",\"@id\":\"https:\/\/www.grc.de\/wp\/gesundheitsfonds\/#breadcrumb\",\"itemListElement\":[{\"@type\":\"ListItem\",\"position\":1,\"name\":\"Startseite\",\"item\":\"https:\/\/www.grc.de\/wp\/golden-retriever-club\/\"},{\"@type\":\"ListItem\",\"position\":2,\"name\":\"Gesundheitsfonds\"}]},{\"@type\":\"WebSite\",\"@id\":\"https:\/\/www.grc.de\/wp\/#website\",\"url\":\"https:\/\/www.grc.de\/wp\/\",\"name\":\"Golden Retriever Club e.V. | GRC\",\"description\":\"Golden Retriever Rassezuchtverein - Mitglied im Verband f\u00fcr das Deutsche Hundewesen (VDH) und der F\u00e9d\u00e9ration Cynologique Internationale (FCI).\",\"publisher\":{\"@id\":\"https:\/\/www.grc.de\/wp\/#organization\"},\"alternateName\":\"GRC\",\"potentialAction\":[{\"@type\":\"SearchAction\",\"target\":{\"@type\":\"EntryPoint\",\"urlTemplate\":\"https:\/\/www.grc.de\/wp\/?s={search_term_string}\"},\"query-input\":{\"@type\":\"PropertyValueSpecification\",\"valueRequired\":true,\"valueName\":\"search_term_string\"}}],\"inLanguage\":\"de\"},{\"@type\":\"Organization\",\"@id\":\"https:\/\/www.grc.de\/wp\/#organization\",\"name\":\"Golden Retriever Club e.V. | GRC\",\"url\":\"https:\/\/www.grc.de\/wp\/\",\"logo\":{\"@type\":\"ImageObject\",\"inLanguage\":\"de\",\"@id\":\"https:\/\/www.grc.de\/wp\/#\/schema\/logo\/image\/\",\"url\":\"https:\/\/www.grc.de\/wp\/wp-content\/uploads\/2015\/06\/GRC-Logo.png\",\"contentUrl\":\"https:\/\/www.grc.de\/wp\/wp-content\/uploads\/2015\/06\/GRC-Logo.png\",\"width\":167,\"height\":168,\"caption\":\"Golden Retriever Club e.V. | GRC\"},\"image\":{\"@id\":\"https:\/\/www.grc.de\/wp\/#\/schema\/logo\/image\/\"},\"sameAs\":[\"https:\/\/business.facebook.com\/grcgoldenretrieverclub\"]}]}<\/script>\n<!-- \/ Yoast SEO plugin. -->","yoast_head_json":{"title":"Gesundheitsfonds - Golden Retriever Club e.V. | GRC","robots":{"index":"index","follow":"follow","max-snippet":"max-snippet:-1","max-image-preview":"max-image-preview:large","max-video-preview":"max-video-preview:-1"},"canonical":"https:\/\/www.grc.de\/wp\/gesundheitsfonds\/","og_locale":"de_DE","og_type":"article","og_title":"Gesundheitsfonds - Golden Retriever Club e.V. | GRC","og_url":"https:\/\/www.grc.de\/wp\/gesundheitsfonds\/","og_site_name":"Golden Retriever Club e.V. | GRC","article_publisher":"https:\/\/business.facebook.com\/grcgoldenretrieverclub","article_modified_time":"2023-03-08T09:16:24+00:00","og_image":[{"width":1013,"height":675,"url":"https:\/\/www.grc.de\/wp\/wp-content\/uploads\/2023\/06\/grc-1a.jpg","type":"image\/jpeg"}],"twitter_card":"summary_large_image","twitter_misc":{"Gesch\u00e4tzte Lesezeit":"6\u00a0Minuten"},"schema":{"@context":"https:\/\/schema.org","@graph":[{"@type":"WebPage","@id":"https:\/\/www.grc.de\/wp\/gesundheitsfonds\/","url":"https:\/\/www.grc.de\/wp\/gesundheitsfonds\/","name":"Gesundheitsfonds - Golden Retriever Club e.V. | GRC","isPartOf":{"@id":"https:\/\/www.grc.de\/wp\/#website"},"datePublished":"2015-06-23T10:14:23+00:00","dateModified":"2023-03-08T09:16:24+00:00","breadcrumb":{"@id":"https:\/\/www.grc.de\/wp\/gesundheitsfonds\/#breadcrumb"},"inLanguage":"de","potentialAction":[{"@type":"ReadAction","target":["https:\/\/www.grc.de\/wp\/gesundheitsfonds\/"]}]},{"@type":"BreadcrumbList","@id":"https:\/\/www.grc.de\/wp\/gesundheitsfonds\/#breadcrumb","itemListElement":[{"@type":"ListItem","position":1,"name":"Startseite","item":"https:\/\/www.grc.de\/wp\/golden-retriever-club\/"},{"@type":"ListItem","position":2,"name":"Gesundheitsfonds"}]},{"@type":"WebSite","@id":"https:\/\/www.grc.de\/wp\/#website","url":"https:\/\/www.grc.de\/wp\/","name":"Golden Retriever Club e.V. | GRC","description":"Golden Retriever Rassezuchtverein - Mitglied im Verband f\u00fcr das Deutsche Hundewesen (VDH) und der F\u00e9d\u00e9ration Cynologique Internationale (FCI).","publisher":{"@id":"https:\/\/www.grc.de\/wp\/#organization"},"alternateName":"GRC","potentialAction":[{"@type":"SearchAction","target":{"@type":"EntryPoint","urlTemplate":"https:\/\/www.grc.de\/wp\/?s={search_term_string}"},"query-input":{"@type":"PropertyValueSpecification","valueRequired":true,"valueName":"search_term_string"}}],"inLanguage":"de"},{"@type":"Organization","@id":"https:\/\/www.grc.de\/wp\/#organization","name":"Golden Retriever Club e.V. | GRC","url":"https:\/\/www.grc.de\/wp\/","logo":{"@type":"ImageObject","inLanguage":"de","@id":"https:\/\/www.grc.de\/wp\/#\/schema\/logo\/image\/","url":"https:\/\/www.grc.de\/wp\/wp-content\/uploads\/2015\/06\/GRC-Logo.png","contentUrl":"https:\/\/www.grc.de\/wp\/wp-content\/uploads\/2015\/06\/GRC-Logo.png","width":167,"height":168,"caption":"Golden Retriever Club e.V. | GRC"},"image":{"@id":"https:\/\/www.grc.de\/wp\/#\/schema\/logo\/image\/"},"sameAs":["https:\/\/business.facebook.com\/grcgoldenretrieverclub"]}]}},"_links":{"self":[{"href":"https:\/\/www.grc.de\/wp\/wp-json\/wp\/v2\/pages\/627","targetHints":{"allow":["GET"]}}],"collection":[{"href":"https:\/\/www.grc.de\/wp\/wp-json\/wp\/v2\/pages"}],"about":[{"href":"https:\/\/www.grc.de\/wp\/wp-json\/wp\/v2\/types\/page"}],"author":[{"embeddable":true,"href":"https:\/\/www.grc.de\/wp\/wp-json\/wp\/v2\/users\/13"}],"replies":[{"embeddable":true,"href":"https:\/\/www.grc.de\/wp\/wp-json\/wp\/v2\/comments?post=627"}],"version-history":[{"count":14,"href":"https:\/\/www.grc.de\/wp\/wp-json\/wp\/v2\/pages\/627\/revisions"}],"predecessor-version":[{"id":35986,"href":"https:\/\/www.grc.de\/wp\/wp-json\/wp\/v2\/pages\/627\/revisions\/35986"}],"wp:attachment":[{"href":"https:\/\/www.grc.de\/wp\/wp-json\/wp\/v2\/media?parent=627"}],"curies":[{"name":"wp","href":"https:\/\/api.w.org\/{rel}","templated":true}]}}